{"id":874,"date":"2025-06-28T17:56:10","date_gmt":"2025-06-28T15:56:10","guid":{"rendered":"https:\/\/acelproductions.com\/?page_id=874"},"modified":"2025-08-17T19:01:02","modified_gmt":"2025-08-17T17:01:02","slug":"revue-de-presse-christophe-alzetto-christine-bretonnier","status":"publish","type":"page","link":"https:\/\/acelproductions.com\/index.php\/revue-de-presse-christophe-alzetto-christine-bretonnier\/","title":{"rendered":"Revue de presse Christophe Alzetto &#8211; Christine Bretonnier"},"content":{"rendered":"\n<p>Chronique du concert du 23 mai au Mus\u00e9e de la Grande Guerre de Meaux<\/p>\n\n\n\n<figure class=\"wp-block-image size-large\"><img loading=\"lazy\" decoding=\"async\" width=\"530\" height=\"1024\" src=\"https:\/\/acelproductions.com\/wp-content\/uploads\/2025\/06\/GIONO_MGG-530x1024.jpg\" alt=\"\" class=\"wp-image-875\" srcset=\"https:\/\/acelproductions.com\/wp-content\/uploads\/2025\/06\/GIONO_MGG-530x1024.jpg 530w, https:\/\/acelproductions.com\/wp-content\/uploads\/2025\/06\/GIONO_MGG-155x300.jpg 155w, https:\/\/acelproductions.com\/wp-content\/uploads\/2025\/06\/GIONO_MGG-768x1485.jpg 768w, https:\/\/acelproductions.com\/wp-content\/uploads\/2025\/06\/GIONO_MGG-794x1536.jpg 794w, https:\/\/acelproductions.com\/wp-content\/uploads\/2025\/06\/GIONO_MGG.jpg 830w\" sizes=\"auto, (max-width: 530px) 100vw, 530px\" \/><\/figure>\n\n\n\n<p>Chronique du concert du 10 mai 2024 au Th\u00e9\u00e2tre Aleph paru dans la revue Giono<\/p>\n\n\n\n<figure class=\"wp-block-image size-large\"><img loading=\"lazy\" decoding=\"async\" width=\"1024\" height=\"291\" src=\"https:\/\/acelproductions.com\/wp-content\/uploads\/2025\/08\/LE-GRAND-TROUPEAU_REVUE-GIONO-1024x291.jpg\" alt=\"\" class=\"wp-image-931\" srcset=\"https:\/\/acelproductions.com\/wp-content\/uploads\/2025\/08\/LE-GRAND-TROUPEAU_REVUE-GIONO-1024x291.jpg 1024w, https:\/\/acelproductions.com\/wp-content\/uploads\/2025\/08\/LE-GRAND-TROUPEAU_REVUE-GIONO-300x85.jpg 300w, https:\/\/acelproductions.com\/wp-content\/uploads\/2025\/08\/LE-GRAND-TROUPEAU_REVUE-GIONO-768x218.jpg 768w, https:\/\/acelproductions.com\/wp-content\/uploads\/2025\/08\/LE-GRAND-TROUPEAU_REVUE-GIONO-1536x436.jpg 1536w, https:\/\/acelproductions.com\/wp-content\/uploads\/2025\/08\/LE-GRAND-TROUPEAU_REVUE-GIONO-2048x582.jpg 2048w\" sizes=\"auto, (max-width: 1024px) 100vw, 1024px\" \/><\/figure>\n","protected":false},"excerpt":{"rendered":"<p>Chronique du concert du 23 mai au Mus\u00e9e de la Grande Guerre de Meaux Chronique du concert du 10 mai 2024 au Th\u00e9\u00e2tre Aleph paru dans la revue Giono<\/p>\n","protected":false},"author":1,"featured_media":0,"parent":0,"menu_order":0,"comment_status":"closed","ping_status":"closed","template":"","meta":{"footnotes":""},"class_list":["post-874","page","type-page","status-publish","hentry"],"_links":{"self":[{"href":"https:\/\/acelproductions.com\/index.php\/wp-json\/wp\/v2\/pages\/874","targetHints":{"allow":["GET"]}}],"collection":[{"href":"https:\/\/acelproductions.com\/index.php\/wp-json\/wp\/v2\/pages"}],"about":[{"href":"https:\/\/acelproductions.com\/index.php\/wp-json\/wp\/v2\/types\/page"}],"author":[{"embeddable":true,"href":"https:\/\/acelproductions.com\/index.php\/wp-json\/wp\/v2\/users\/1"}],"replies":[{"embeddable":true,"href":"https:\/\/acelproductions.com\/index.php\/wp-json\/wp\/v2\/comments?post=874"}],"version-history":[{"count":3,"href":"https:\/\/acelproductions.com\/index.php\/wp-json\/wp\/v2\/pages\/874\/revisions"}],"predecessor-version":[{"id":932,"href":"https:\/\/acelproductions.com\/index.php\/wp-json\/wp\/v2\/pages\/874\/revisions\/932"}],"wp:attachment":[{"href":"https:\/\/acelproductions.com\/index.php\/wp-json\/wp\/v2\/media?parent=874"}],"curies":[{"name":"wp","href":"https:\/\/api.w.org\/{rel}","templated":true}]}}