{"id":807,"date":"2025-04-27T12:58:08","date_gmt":"2025-04-27T10:58:08","guid":{"rendered":"https:\/\/acelproductions.com\/?page_id=807"},"modified":"2025-05-01T10:21:42","modified_gmt":"2025-05-01T08:21:42","slug":"elima-trio-jazz-connections-au-theatre-aleph-le-25-avril-2025","status":"publish","type":"page","link":"https:\/\/acelproductions.com\/index.php\/elima-trio-jazz-connections-au-theatre-aleph-le-25-avril-2025\/","title":{"rendered":"Elima Trio Jazz Connections au Th\u00e9\u00e2tre Aleph le 25 avril 2025"},"content":{"rendered":"\n<figure class=\"wp-block-gallery has-nested-images columns-default is-cropped wp-block-gallery-1 is-layout-flex wp-block-gallery-is-layout-flex\">\n<figure class=\"wp-block-image size-large\"><img loading=\"lazy\" decoding=\"async\" width=\"576\" height=\"1024\" data-id=\"809\" src=\"https:\/\/acelproductions.com\/wp-content\/uploads\/2025\/04\/WhatsApp-Image-2025-04-26-at-00.01.34-576x1024.jpeg\" alt=\"\" class=\"wp-image-809\" srcset=\"https:\/\/acelproductions.com\/wp-content\/uploads\/2025\/04\/WhatsApp-Image-2025-04-26-at-00.01.34-576x1024.jpeg 576w, https:\/\/acelproductions.com\/wp-content\/uploads\/2025\/04\/WhatsApp-Image-2025-04-26-at-00.01.34-169x300.jpeg 169w, https:\/\/acelproductions.com\/wp-content\/uploads\/2025\/04\/WhatsApp-Image-2025-04-26-at-00.01.34-768x1365.jpeg 768w, https:\/\/acelproductions.com\/wp-content\/uploads\/2025\/04\/WhatsApp-Image-2025-04-26-at-00.01.34-864x1536.jpeg 864w, https:\/\/acelproductions.com\/wp-content\/uploads\/2025\/04\/WhatsApp-Image-2025-04-26-at-00.01.34.jpeg 900w\" sizes=\"auto, (max-width: 576px) 100vw, 576px\" \/><\/figure>\n\n\n\n<figure class=\"wp-block-image size-large\"><img loading=\"lazy\" decoding=\"async\" width=\"576\" height=\"1024\" data-id=\"810\" src=\"https:\/\/acelproductions.com\/wp-content\/uploads\/2025\/04\/WhatsApp-Image-2025-04-26-at-00.01.33-576x1024.jpeg\" alt=\"\" class=\"wp-image-810\" srcset=\"https:\/\/acelproductions.com\/wp-content\/uploads\/2025\/04\/WhatsApp-Image-2025-04-26-at-00.01.33-576x1024.jpeg 576w, https:\/\/acelproductions.com\/wp-content\/uploads\/2025\/04\/WhatsApp-Image-2025-04-26-at-00.01.33-169x300.jpeg 169w, https:\/\/acelproductions.com\/wp-content\/uploads\/2025\/04\/WhatsApp-Image-2025-04-26-at-00.01.33-768x1365.jpeg 768w, https:\/\/acelproductions.com\/wp-content\/uploads\/2025\/04\/WhatsApp-Image-2025-04-26-at-00.01.33-864x1536.jpeg 864w, https:\/\/acelproductions.com\/wp-content\/uploads\/2025\/04\/WhatsApp-Image-2025-04-26-at-00.01.33.jpeg 900w\" sizes=\"auto, (max-width: 576px) 100vw, 576px\" \/><\/figure>\n\n\n\n<figure class=\"wp-block-image size-large\"><img loading=\"lazy\" decoding=\"async\" width=\"576\" height=\"1024\" data-id=\"812\" src=\"https:\/\/acelproductions.com\/wp-content\/uploads\/2025\/04\/WhatsApp-Image-2025-04-26-at-00.01.28-576x1024.jpeg\" alt=\"\" class=\"wp-image-812\" srcset=\"https:\/\/acelproductions.com\/wp-content\/uploads\/2025\/04\/WhatsApp-Image-2025-04-26-at-00.01.28-576x1024.jpeg 576w, https:\/\/acelproductions.com\/wp-content\/uploads\/2025\/04\/WhatsApp-Image-2025-04-26-at-00.01.28-169x300.jpeg 169w, https:\/\/acelproductions.com\/wp-content\/uploads\/2025\/04\/WhatsApp-Image-2025-04-26-at-00.01.28-768x1365.jpeg 768w, https:\/\/acelproductions.com\/wp-content\/uploads\/2025\/04\/WhatsApp-Image-2025-04-26-at-00.01.28-864x1536.jpeg 864w, https:\/\/acelproductions.com\/wp-content\/uploads\/2025\/04\/WhatsApp-Image-2025-04-26-at-00.01.28.jpeg 900w\" sizes=\"auto, (max-width: 576px) 100vw, 576px\" \/><\/figure>\n\n\n\n<figure class=\"wp-block-image size-large\"><img loading=\"lazy\" decoding=\"async\" width=\"1024\" height=\"576\" data-id=\"808\" src=\"https:\/\/acelproductions.com\/wp-content\/uploads\/2025\/04\/WhatsApp-Image-2025-04-26-at-00.01.26-1024x576.jpeg\" alt=\"\" class=\"wp-image-808\" srcset=\"https:\/\/acelproductions.com\/wp-content\/uploads\/2025\/04\/WhatsApp-Image-2025-04-26-at-00.01.26-1024x576.jpeg 1024w, https:\/\/acelproductions.com\/wp-content\/uploads\/2025\/04\/WhatsApp-Image-2025-04-26-at-00.01.26-300x169.jpeg 300w, https:\/\/acelproductions.com\/wp-content\/uploads\/2025\/04\/WhatsApp-Image-2025-04-26-at-00.01.26-768x432.jpeg 768w, https:\/\/acelproductions.com\/wp-content\/uploads\/2025\/04\/WhatsApp-Image-2025-04-26-at-00.01.26-1536x864.jpeg 1536w, https:\/\/acelproductions.com\/wp-content\/uploads\/2025\/04\/WhatsApp-Image-2025-04-26-at-00.01.26.jpeg 1600w\" sizes=\"auto, (max-width: 1024px) 100vw, 1024px\" \/><\/figure>\n<\/figure>\n\n\n\n<figure class=\"wp-block-image size-large\"><img loading=\"lazy\" decoding=\"async\" width=\"1024\" height=\"576\" src=\"http:\/\/acelproductions.com\/wp-content\/uploads\/2025\/04\/WhatsApp-Image-2025-04-26-at-00.01.29-1024x576.jpeg\" alt=\"\" class=\"wp-image-811\" srcset=\"https:\/\/acelproductions.com\/wp-content\/uploads\/2025\/04\/WhatsApp-Image-2025-04-26-at-00.01.29-1024x576.jpeg 1024w, https:\/\/acelproductions.com\/wp-content\/uploads\/2025\/04\/WhatsApp-Image-2025-04-26-at-00.01.29-300x169.jpeg 300w, https:\/\/acelproductions.com\/wp-content\/uploads\/2025\/04\/WhatsApp-Image-2025-04-26-at-00.01.29-768x432.jpeg 768w, https:\/\/acelproductions.com\/wp-content\/uploads\/2025\/04\/WhatsApp-Image-2025-04-26-at-00.01.29-1536x864.jpeg 1536w, https:\/\/acelproductions.com\/wp-content\/uploads\/2025\/04\/WhatsApp-Image-2025-04-26-at-00.01.29.jpeg 1600w\" sizes=\"auto, (max-width: 1024px) 100vw, 1024px\" \/><\/figure>\n\n\n\n<p>Le r\u00e9pertoire :<\/p>\n\n\n\n<p>1 &#8211; Le Calme \/ Jan Schumacher<br>2 &#8211; M la m\u00e8che \/ Jan Schumacher<br>3 &#8211; Fatalit\u00e9 \/ Jan Schumacher<br>4 &#8211; Again \/ Debora Seffer<br>5 &#8211; Tango-apasionado \/ Astor Piazzolla<br>6 &#8211; Oblivion \/ Astor Piazzolla<br>7 &#8211; Befreiung \/ Jan Schumacher<br>8 &#8211; 24 d\u00e9cembre \/ Debora Seffer<br>9 &#8211; Libertango \/ Astor Piazzolla<br>10 &#8211; Ave Maria \/ Astor Piazzolla<\/p>\n\n\n\n<p>Avec le soutien de l&rsquo;ADAMI, organisme de gestion collective des droits des artistes-interpr\u00e8tes : gestion des droits, aide financi\u00e8re aux projets, d\u00e9fense des int\u00e9r\u00eats et accompagnement de carri\u00e8re.<\/p>\n\n\n\n<figure class=\"wp-block-image size-large is-resized\"><img loading=\"lazy\" decoding=\"async\" width=\"1024\" height=\"622\" src=\"https:\/\/acelproductions.com\/wp-content\/uploads\/2025\/05\/LOGO-ADAMI-HORIZONTAL-RVB-01-1024x622.png\" alt=\"\" class=\"wp-image-819\" style=\"width:121px;height:auto\" srcset=\"https:\/\/acelproductions.com\/wp-content\/uploads\/2025\/05\/LOGO-ADAMI-HORIZONTAL-RVB-01-1024x622.png 1024w, https:\/\/acelproductions.com\/wp-content\/uploads\/2025\/05\/LOGO-ADAMI-HORIZONTAL-RVB-01-300x182.png 300w, https:\/\/acelproductions.com\/wp-content\/uploads\/2025\/05\/LOGO-ADAMI-HORIZONTAL-RVB-01-768x467.png 768w, https:\/\/acelproductions.com\/wp-content\/uploads\/2025\/05\/LOGO-ADAMI-HORIZONTAL-RVB-01-1536x934.png 1536w, https:\/\/acelproductions.com\/wp-content\/uploads\/2025\/05\/LOGO-ADAMI-HORIZONTAL-RVB-01.png 1614w\" sizes=\"auto, (max-width: 1024px) 100vw, 1024px\" \/><\/figure>\n","protected":false},"excerpt":{"rendered":"<p>Le r\u00e9pertoire : 1 &#8211; Le Calme \/ Jan Schumacher2 &#8211; M la m\u00e8che \/ Jan Schumacher3 &#8211; Fatalit\u00e9 \/ Jan Schumacher4 &#8211; Again \/ Debora Seffer5 &#8211; Tango-apasionado \/ Astor Piazzolla6 &#8211; Oblivion \/ Astor Piazzolla7 &#8211; Befreiung \/ Jan Schumacher8 &#8211; 24 d\u00e9cembre \/ Debora Seffer9 &#8211; Libertango \/ Astor Piazzolla10 &#8211; Ave [&hellip;]<\/p>\n","protected":false},"author":1,"featured_media":0,"parent":0,"menu_order":0,"comment_status":"closed","ping_status":"closed","template":"","meta":{"footnotes":""},"class_list":["post-807","page","type-page","status-publish","hentry"],"_links":{"self":[{"href":"https:\/\/acelproductions.com\/index.php\/wp-json\/wp\/v2\/pages\/807","targetHints":{"allow":["GET"]}}],"collection":[{"href":"https:\/\/acelproductions.com\/index.php\/wp-json\/wp\/v2\/pages"}],"about":[{"href":"https:\/\/acelproductions.com\/index.php\/wp-json\/wp\/v2\/types\/page"}],"author":[{"embeddable":true,"href":"https:\/\/acelproductions.com\/index.php\/wp-json\/wp\/v2\/users\/1"}],"replies":[{"embeddable":true,"href":"https:\/\/acelproductions.com\/index.php\/wp-json\/wp\/v2\/comments?post=807"}],"version-history":[{"count":4,"href":"https:\/\/acelproductions.com\/index.php\/wp-json\/wp\/v2\/pages\/807\/revisions"}],"predecessor-version":[{"id":820,"href":"https:\/\/acelproductions.com\/index.php\/wp-json\/wp\/v2\/pages\/807\/revisions\/820"}],"wp:attachment":[{"href":"https:\/\/acelproductions.com\/index.php\/wp-json\/wp\/v2\/media?parent=807"}],"curies":[{"name":"wp","href":"https:\/\/api.w.org\/{rel}","templated":true}]}}