{"id":78,"date":"2023-12-01T19:02:59","date_gmt":"2023-12-01T18:02:59","guid":{"rendered":"https:\/\/acelproductions.com\/?page_id=78"},"modified":"2026-04-26T23:24:56","modified_gmt":"2026-04-26T21:24:56","slug":"les-dernieres-sorties","status":"publish","type":"page","link":"https:\/\/acelproductions.com\/index.php\/les-dernieres-sorties\/","title":{"rendered":"Les derni\u00e8res sorties"},"content":{"rendered":"\n<figure class=\"wp-block-gallery has-nested-images columns-default is-cropped wp-block-gallery-1 is-layout-flex wp-block-gallery-is-layout-flex\">\n<figure class=\"wp-block-image size-full\"><a href=\"https:\/\/bfan.link\/klamath\" target=\"_blank\" rel=\"noreferrer noopener\"><img loading=\"lazy\" decoding=\"async\" width=\"716\" height=\"772\" data-id=\"1206\" src=\"http:\/\/acelproductions.com\/wp-content\/uploads\/2026\/03\/KLAMATH.jpg\" alt=\"\" class=\"wp-image-1206\" srcset=\"https:\/\/acelproductions.com\/wp-content\/uploads\/2026\/03\/KLAMATH.jpg 716w, https:\/\/acelproductions.com\/wp-content\/uploads\/2026\/03\/KLAMATH-278x300.jpg 278w\" sizes=\"auto, (max-width: 716px) 100vw, 716px\" \/><\/a><\/figure>\n\n\n\n<figure class=\"wp-block-image size-full\"><a href=\"https:\/\/bfan.link\/imoth-sin\" target=\"_blank\" rel=\"noreferrer noopener\"><img loading=\"lazy\" decoding=\"async\" width=\"1652\" height=\"1516\" data-id=\"1164\" src=\"http:\/\/acelproductions.com\/wp-content\/uploads\/2026\/01\/IMOTH-SIN_FASSAVANT.jpg\" alt=\"\" class=\"wp-image-1164\" srcset=\"https:\/\/acelproductions.com\/wp-content\/uploads\/2026\/01\/IMOTH-SIN_FASSAVANT.jpg 1652w, https:\/\/acelproductions.com\/wp-content\/uploads\/2026\/01\/IMOTH-SIN_FASSAVANT-300x275.jpg 300w, https:\/\/acelproductions.com\/wp-content\/uploads\/2026\/01\/IMOTH-SIN_FASSAVANT-1024x940.jpg 1024w, https:\/\/acelproductions.com\/wp-content\/uploads\/2026\/01\/IMOTH-SIN_FASSAVANT-768x705.jpg 768w, https:\/\/acelproductions.com\/wp-content\/uploads\/2026\/01\/IMOTH-SIN_FASSAVANT-1536x1410.jpg 1536w\" sizes=\"auto, (max-width: 1652px) 100vw, 1652px\" \/><\/a><\/figure>\n\n\n\n<figure class=\"wp-block-image size-full\"><a href=\"https:\/\/bfan.link\/portrait-of-a-lady\" target=\"_blank\" rel=\"noreferrer noopener\"><img loading=\"lazy\" decoding=\"async\" width=\"807\" height=\"724\" data-id=\"798\" src=\"http:\/\/acelproductions.com\/wp-content\/uploads\/2025\/04\/NOLA_FASSAVANT.jpg\" alt=\"\" class=\"wp-image-798\" srcset=\"https:\/\/acelproductions.com\/wp-content\/uploads\/2025\/04\/NOLA_FASSAVANT.jpg 807w, https:\/\/acelproductions.com\/wp-content\/uploads\/2025\/04\/NOLA_FASSAVANT-300x269.jpg 300w, https:\/\/acelproductions.com\/wp-content\/uploads\/2025\/04\/NOLA_FASSAVANT-768x689.jpg 768w\" sizes=\"auto, (max-width: 807px) 100vw, 807px\" \/><\/a><\/figure>\n\n\n\n<figure class=\"wp-block-image size-full\"><a href=\"https:\/\/bfan.link\/this-time-the-dream-039-s-on-me\" target=\"_blank\" rel=\"noreferrer noopener\"><img loading=\"lazy\" decoding=\"async\" width=\"2460\" height=\"2460\" data-id=\"922\" src=\"http:\/\/acelproductions.com\/wp-content\/uploads\/2025\/08\/RECTO-POUR-INOUIE.jpg\" alt=\"\" class=\"wp-image-922\" srcset=\"https:\/\/acelproductions.com\/wp-content\/uploads\/2025\/08\/RECTO-POUR-INOUIE.jpg 2460w, https:\/\/acelproductions.com\/wp-content\/uploads\/2025\/08\/RECTO-POUR-INOUIE-300x300.jpg 300w, https:\/\/acelproductions.com\/wp-content\/uploads\/2025\/08\/RECTO-POUR-INOUIE-1024x1024.jpg 1024w, https:\/\/acelproductions.com\/wp-content\/uploads\/2025\/08\/RECTO-POUR-INOUIE-150x150.jpg 150w, https:\/\/acelproductions.com\/wp-content\/uploads\/2025\/08\/RECTO-POUR-INOUIE-768x768.jpg 768w, https:\/\/acelproductions.com\/wp-content\/uploads\/2025\/08\/RECTO-POUR-INOUIE-1536x1536.jpg 1536w, https:\/\/acelproductions.com\/wp-content\/uploads\/2025\/08\/RECTO-POUR-INOUIE-2048x2048.jpg 2048w\" sizes=\"auto, (max-width: 2460px) 100vw, 2460px\" \/><\/a><\/figure>\n\n\n\n<figure class=\"wp-block-image size-full\"><a href=\"https:\/\/www.leilaolivesi.com\/boutique\/african-rhapsody-cd-digipack\" target=\"_blank\" rel=\"noreferrer noopener\"><img loading=\"lazy\" decoding=\"async\" width=\"826\" height=\"738\" data-id=\"1075\" src=\"https:\/\/acelproductions.com\/wp-content\/uploads\/2025\/10\/AFRICANRHAPSODY_FASSAVANT.jpg\" alt=\"\" class=\"wp-image-1075\" srcset=\"https:\/\/acelproductions.com\/wp-content\/uploads\/2025\/10\/AFRICANRHAPSODY_FASSAVANT.jpg 826w, https:\/\/acelproductions.com\/wp-content\/uploads\/2025\/10\/AFRICANRHAPSODY_FASSAVANT-300x268.jpg 300w, https:\/\/acelproductions.com\/wp-content\/uploads\/2025\/10\/AFRICANRHAPSODY_FASSAVANT-768x686.jpg 768w\" sizes=\"auto, (max-width: 826px) 100vw, 826px\" \/><\/a><\/figure>\n\n\n\n<figure class=\"wp-block-image size-full\"><a href=\"https:\/\/acelproductions.com\/disc_clerc.html\"><img loading=\"lazy\" decoding=\"async\" width=\"1648\" height=\"1475\" data-id=\"938\" src=\"http:\/\/acelproductions.com\/wp-content\/uploads\/2025\/08\/FACE-AVANT_LA-BONNE.jpg\" alt=\"\" class=\"wp-image-938\" srcset=\"https:\/\/acelproductions.com\/wp-content\/uploads\/2025\/08\/FACE-AVANT_LA-BONNE.jpg 1648w, https:\/\/acelproductions.com\/wp-content\/uploads\/2025\/08\/FACE-AVANT_LA-BONNE-300x269.jpg 300w, https:\/\/acelproductions.com\/wp-content\/uploads\/2025\/08\/FACE-AVANT_LA-BONNE-1024x917.jpg 1024w, https:\/\/acelproductions.com\/wp-content\/uploads\/2025\/08\/FACE-AVANT_LA-BONNE-768x687.jpg 768w, https:\/\/acelproductions.com\/wp-content\/uploads\/2025\/08\/FACE-AVANT_LA-BONNE-1536x1375.jpg 1536w\" sizes=\"auto, (max-width: 1648px) 100vw, 1648px\" \/><\/a><\/figure>\n<\/figure>\n\n\n\n<figure class=\"wp-block-gallery has-nested-images columns-default is-cropped wp-block-gallery-2 is-layout-flex wp-block-gallery-is-layout-flex\">\n<figure class=\"wp-block-image size-large\"><a href=\"https:\/\/bfan.link\/morphiludes\" target=\"_blank\" rel=\"noreferrer noopener\"><img loading=\"lazy\" decoding=\"async\" width=\"1024\" height=\"1024\" data-id=\"997\" src=\"http:\/\/acelproductions.com\/wp-content\/uploads\/2025\/09\/MORPHILUDE_FASSAVANT_CARRE-1024x1024.jpg\" alt=\"\" class=\"wp-image-997\" srcset=\"https:\/\/acelproductions.com\/wp-content\/uploads\/2025\/09\/MORPHILUDE_FASSAVANT_CARRE-1024x1024.jpg 1024w, https:\/\/acelproductions.com\/wp-content\/uploads\/2025\/09\/MORPHILUDE_FASSAVANT_CARRE-300x300.jpg 300w, https:\/\/acelproductions.com\/wp-content\/uploads\/2025\/09\/MORPHILUDE_FASSAVANT_CARRE-150x150.jpg 150w, https:\/\/acelproductions.com\/wp-content\/uploads\/2025\/09\/MORPHILUDE_FASSAVANT_CARRE-768x768.jpg 768w, https:\/\/acelproductions.com\/wp-content\/uploads\/2025\/09\/MORPHILUDE_FASSAVANT_CARRE.jpg 1478w\" sizes=\"auto, (max-width: 1024px) 100vw, 1024px\" \/><\/a><\/figure>\n\n\n\n<figure class=\"wp-block-image size-large\"><a href=\"https:\/\/bfan.link\/concert-rennes-2002\" target=\"_blank\" rel=\" noreferrer noopener\"><img loading=\"lazy\" decoding=\"async\" width=\"1024\" height=\"1016\" data-id=\"1168\" src=\"http:\/\/acelproductions.com\/wp-content\/uploads\/2026\/01\/DIGISLEEVE01-1024x1016.jpg\" alt=\"\" class=\"wp-image-1168\" srcset=\"https:\/\/acelproductions.com\/wp-content\/uploads\/2026\/01\/DIGISLEEVE01-1024x1016.jpg 1024w, https:\/\/acelproductions.com\/wp-content\/uploads\/2026\/01\/DIGISLEEVE01-300x298.jpg 300w, https:\/\/acelproductions.com\/wp-content\/uploads\/2026\/01\/DIGISLEEVE01-150x150.jpg 150w, https:\/\/acelproductions.com\/wp-content\/uploads\/2026\/01\/DIGISLEEVE01-768x762.jpg 768w, https:\/\/acelproductions.com\/wp-content\/uploads\/2026\/01\/DIGISLEEVE01.jpg 1032w\" sizes=\"auto, (max-width: 1024px) 100vw, 1024px\" \/><\/a><\/figure>\n\n\n\n<figure class=\"wp-block-image size-large\"><a href=\"https:\/\/cdetvinyle.fr\/products\/grand-troupeau-christophe-alzetto-christine-bretonnier-le-grand-troupeau-album-cd?_pos=3&amp;_psq=troup&amp;_ss=e&amp;_v=1.0\" target=\"_blank\" rel=\"noreferrer noopener\"><img loading=\"lazy\" decoding=\"async\" width=\"1024\" height=\"1024\" data-id=\"881\" src=\"https:\/\/acelproductions.com\/wp-content\/uploads\/2025\/06\/GRAND-TROUPEAU_FASSAVANT-1024x1024.jpg\" alt=\"\" class=\"wp-image-881\" srcset=\"https:\/\/acelproductions.com\/wp-content\/uploads\/2025\/06\/GRAND-TROUPEAU_FASSAVANT-1024x1024.jpg 1024w, https:\/\/acelproductions.com\/wp-content\/uploads\/2025\/06\/GRAND-TROUPEAU_FASSAVANT-300x300.jpg 300w, https:\/\/acelproductions.com\/wp-content\/uploads\/2025\/06\/GRAND-TROUPEAU_FASSAVANT-150x150.jpg 150w, https:\/\/acelproductions.com\/wp-content\/uploads\/2025\/06\/GRAND-TROUPEAU_FASSAVANT-768x768.jpg 768w, https:\/\/acelproductions.com\/wp-content\/uploads\/2025\/06\/GRAND-TROUPEAU_FASSAVANT.jpg 1100w\" sizes=\"auto, (max-width: 1024px) 100vw, 1024px\" \/><\/a><\/figure>\n<\/figure>\n\n\n\n<p class=\"has-text-align-center\">Pour commander, cliquer sur la pochette<\/p>\n\n\n\n<p><strong><em>Les communiqu\u00e9s de presse :<\/em><\/strong><\/p>\n\n\n\n<p><a href=\"https:\/\/acelproductions.com\/Communiqu\u00e9 de presse-Northern Rhapsody.pdf\" data-type=\"page\" data-id=\"855\">Eishan Ensemble<\/a>, <a href=\"https:\/\/acelproductions.com\/Communiqu%C3%A9%20de%20presse_MORPHILUDE.pdf\">St\u00e9phane de G\u00e9rando<\/a>, <a href=\"https:\/\/acelproductions.com\/ACEL%20Pr%C3%A9sente%20CEL2.pdf\">Yochk&rsquo;o Seffer<\/a>, <a href=\"https:\/\/acelproductions.com\/COMMUNIQUE%20DE%20PRESSE_MAURICE%20CLERC.pdf\">Maurice Clerc<\/a>, <a href=\"http:\/\/www.acelproductions.com\/pdf\/CP African Rhapsody Le\u00efla Olivesi.pdf\">Leila Olivesi<\/a><\/p>\n\n\n\n<p class=\"has-text-align-center\"><\/p>\n\n\n\n<p><strong><em>Extraits sonores :<\/em><\/strong><\/p>\n\n\n\n<p><a href=\"https:\/\/www.youtube.com\/watch?v=QDdZEU8hXhI\" target=\"_blank\" rel=\"noreferrer noopener\">Christophe Lincontang<\/a>, <a href=\"http:\/\/www.acelproductions.com\/audios\/Morphilude_extrait.mp3\">St\u00e9phane de G\u00e9rando<\/a>, <a href=\"https:\/\/soundcloud.com\/acel_label\/01_my-favourite-things-1\/s-qxq1QpY67e9?in=acel_label\/sets\/concert-rennes2002\/s-egVRBWdAxZd&amp;si=72a3ef3c71204cc186a7ffb79e56fa1a&amp;utm_source=clipboard&amp;utm_medium=text&amp;utm_campaign=social_sharing\">Christian Vander<\/a>, <a href=\"https:\/\/soundcloud.com\/acel_label\/dolorosa-imoth-sin-iii-vinz-dolorosa-vinz-dolorosa-daniel-palomo-v-3\/s-x684IUXcF30?in=acel_label\/sets\/imoth-sin\/s-tf01PCFkVMQ&amp;si=d2fedeb3133849b8b14617509b010412&amp;utm_source=clipboard&amp;utm_medium=text&amp;utm_campaign=social_sharing\" target=\"_blank\" rel=\"noreferrer noopener\">Dolorosa<\/a><\/p>\n\n\n\n<p><\/p>\n","protected":false},"excerpt":{"rendered":"<p>Pour commander, cliquer sur la pochette Les communiqu\u00e9s de presse : Eishan Ensemble, St\u00e9phane de G\u00e9rando, Yochk&rsquo;o Seffer, Maurice Clerc, Leila Olivesi Extraits sonores : Christophe Lincontang, St\u00e9phane de G\u00e9rando, Christian Vander, Dolorosa<\/p>\n","protected":false},"author":1,"featured_media":0,"parent":0,"menu_order":0,"comment_status":"closed","ping_status":"closed","template":"","meta":{"footnotes":""},"class_list":["post-78","page","type-page","status-publish","hentry"],"_links":{"self":[{"href":"https:\/\/acelproductions.com\/index.php\/wp-json\/wp\/v2\/pages\/78","targetHints":{"allow":["GET"]}}],"collection":[{"href":"https:\/\/acelproductions.com\/index.php\/wp-json\/wp\/v2\/pages"}],"about":[{"href":"https:\/\/acelproductions.com\/index.php\/wp-json\/wp\/v2\/types\/page"}],"author":[{"embeddable":true,"href":"https:\/\/acelproductions.com\/index.php\/wp-json\/wp\/v2\/users\/1"}],"replies":[{"embeddable":true,"href":"https:\/\/acelproductions.com\/index.php\/wp-json\/wp\/v2\/comments?post=78"}],"version-history":[{"count":51,"href":"https:\/\/acelproductions.com\/index.php\/wp-json\/wp\/v2\/pages\/78\/revisions"}],"predecessor-version":[{"id":1267,"href":"https:\/\/acelproductions.com\/index.php\/wp-json\/wp\/v2\/pages\/78\/revisions\/1267"}],"wp:attachment":[{"href":"https:\/\/acelproductions.com\/index.php\/wp-json\/wp\/v2\/media?parent=78"}],"curies":[{"name":"wp","href":"https:\/\/api.w.org\/{rel}","templated":true}]}}