{"id":635,"date":"2024-11-17T18:37:39","date_gmt":"2024-11-17T17:37:39","guid":{"rendered":"https:\/\/acelproductions.com\/?page_id=635"},"modified":"2025-05-01T10:48:30","modified_gmt":"2025-05-01T08:48:30","slug":"evenement-de-sortie-du-purgatoire-de-gerard-pape-au-klub-le-15-11-2024","status":"publish","type":"page","link":"https:\/\/acelproductions.com\/index.php\/evenement-de-sortie-du-purgatoire-de-gerard-pape-au-klub-le-15-11-2024\/","title":{"rendered":"Ev\u00e9nement de sortie du \u00ab\u00a0Purgatoire\u00a0\u00bb de G\u00e9rard Pape au Klub le 15\/11\/2024"},"content":{"rendered":"\n<p><strong><em>1er set : <\/em><\/strong><\/p>\n\n\n\n<p><em>Dapnom (Nicolas Horvath) (\u00e9lectronique)<\/em><\/p>\n\n\n\n<p>Dapnom &#8211; Explosition 15-XI-24<\/p>\n\n\n\n<p><strong><em>2\u00e0me set :<\/em><\/strong><\/p>\n\n\n\n<p><em>G\u00e9rard Pape (\u00e9lectronique, tambourin, chant) &#8211; Maurizio Barbetti (alto amplifi\u00e9)<\/em><\/p>\n\n\n\n<p>Strange Emergence (G. Pape) &#8211; Vampyr (Tristan Murail) &#8211; Heroin (Lou Reed)<\/p>\n\n\n\n<p><strong><em>3i\u00e8me set :<\/em><\/strong><\/p>\n\n\n\n<p><em>G\u00e9rard Pape (\u00e9lectronique, chant) &#8211; Olga Krasenko (fl\u00fbtes, chant)<\/em> <em>&#8211; Jean-Michel Radzinski (Peintures sur plexiglass)<\/em><\/p>\n\n\n\n<p>Extraits du \u00ab\u00a0Purgatoire\u00a0\u00bb (G\u00e9rard Pape)<\/p>\n\n\n\n<figure class=\"wp-block-gallery has-nested-images columns-default is-cropped wp-block-gallery-1 is-layout-flex wp-block-gallery-is-layout-flex\">\n<figure class=\"wp-block-image size-large\"><img loading=\"lazy\" decoding=\"async\" width=\"766\" height=\"1024\" data-id=\"637\" src=\"https:\/\/acelproductions.com\/wp-content\/uploads\/2024\/11\/462562043_1293161448772253_3130881583804259685_n-1-766x1024.jpg\" alt=\"\" class=\"wp-image-637\" srcset=\"https:\/\/acelproductions.com\/wp-content\/uploads\/2024\/11\/462562043_1293161448772253_3130881583804259685_n-1-766x1024.jpg 766w, https:\/\/acelproductions.com\/wp-content\/uploads\/2024\/11\/462562043_1293161448772253_3130881583804259685_n-1-224x300.jpg 224w, https:\/\/acelproductions.com\/wp-content\/uploads\/2024\/11\/462562043_1293161448772253_3130881583804259685_n-1-768x1026.jpg 768w, https:\/\/acelproductions.com\/wp-content\/uploads\/2024\/11\/462562043_1293161448772253_3130881583804259685_n-1-1149x1536.jpg 1149w, https:\/\/acelproductions.com\/wp-content\/uploads\/2024\/11\/462562043_1293161448772253_3130881583804259685_n-1.jpg 1302w\" sizes=\"auto, (max-width: 766px) 100vw, 766px\" \/><\/figure>\n\n\n\n<figure class=\"wp-block-image size-large\"><img loading=\"lazy\" decoding=\"async\" width=\"766\" height=\"1024\" data-id=\"636\" src=\"https:\/\/acelproductions.com\/wp-content\/uploads\/2024\/11\/462576076_3955224624709317_1190091676416587860_n-766x1024.jpg\" alt=\"\" class=\"wp-image-636\" srcset=\"https:\/\/acelproductions.com\/wp-content\/uploads\/2024\/11\/462576076_3955224624709317_1190091676416587860_n-766x1024.jpg 766w, https:\/\/acelproductions.com\/wp-content\/uploads\/2024\/11\/462576076_3955224624709317_1190091676416587860_n-224x300.jpg 224w, https:\/\/acelproductions.com\/wp-content\/uploads\/2024\/11\/462576076_3955224624709317_1190091676416587860_n-768x1026.jpg 768w, https:\/\/acelproductions.com\/wp-content\/uploads\/2024\/11\/462576076_3955224624709317_1190091676416587860_n-1149x1536.jpg 1149w, https:\/\/acelproductions.com\/wp-content\/uploads\/2024\/11\/462576076_3955224624709317_1190091676416587860_n.jpg 1302w\" sizes=\"auto, (max-width: 766px) 100vw, 766px\" \/><\/figure>\n\n\n\n<figure class=\"wp-block-image size-large\"><img loading=\"lazy\" decoding=\"async\" width=\"766\" height=\"1024\" data-id=\"638\" src=\"https:\/\/acelproductions.com\/wp-content\/uploads\/2024\/11\/462583472_500983863012913_115948309713668510_n-766x1024.jpg\" alt=\"\" class=\"wp-image-638\" srcset=\"https:\/\/acelproductions.com\/wp-content\/uploads\/2024\/11\/462583472_500983863012913_115948309713668510_n-766x1024.jpg 766w, https:\/\/acelproductions.com\/wp-content\/uploads\/2024\/11\/462583472_500983863012913_115948309713668510_n-224x300.jpg 224w, https:\/\/acelproductions.com\/wp-content\/uploads\/2024\/11\/462583472_500983863012913_115948309713668510_n-768x1026.jpg 768w, https:\/\/acelproductions.com\/wp-content\/uploads\/2024\/11\/462583472_500983863012913_115948309713668510_n-1149x1536.jpg 1149w, https:\/\/acelproductions.com\/wp-content\/uploads\/2024\/11\/462583472_500983863012913_115948309713668510_n.jpg 1302w\" sizes=\"auto, (max-width: 766px) 100vw, 766px\" \/><\/figure>\n<\/figure>\n\n\n\n<figure class=\"wp-block-gallery has-nested-images columns-default is-cropped wp-block-gallery-2 is-layout-flex wp-block-gallery-is-layout-flex\">\n<figure class=\"wp-block-image size-large\"><img loading=\"lazy\" decoding=\"async\" width=\"1024\" height=\"766\" data-id=\"639\" src=\"https:\/\/acelproductions.com\/wp-content\/uploads\/2024\/11\/462579132_540235198936272_4762874669649254520_n-1024x766.jpg\" alt=\"\" class=\"wp-image-639\" srcset=\"https:\/\/acelproductions.com\/wp-content\/uploads\/2024\/11\/462579132_540235198936272_4762874669649254520_n-1024x766.jpg 1024w, https:\/\/acelproductions.com\/wp-content\/uploads\/2024\/11\/462579132_540235198936272_4762874669649254520_n-300x224.jpg 300w, https:\/\/acelproductions.com\/wp-content\/uploads\/2024\/11\/462579132_540235198936272_4762874669649254520_n-768x575.jpg 768w, https:\/\/acelproductions.com\/wp-content\/uploads\/2024\/11\/462579132_540235198936272_4762874669649254520_n-1536x1149.jpg 1536w, https:\/\/acelproductions.com\/wp-content\/uploads\/2024\/11\/462579132_540235198936272_4762874669649254520_n.jpg 1740w\" sizes=\"auto, (max-width: 1024px) 100vw, 1024px\" \/><\/figure>\n\n\n\n<figure class=\"wp-block-image size-large\"><img loading=\"lazy\" decoding=\"async\" width=\"1024\" height=\"766\" data-id=\"640\" src=\"https:\/\/acelproductions.com\/wp-content\/uploads\/2024\/11\/462582313_1769081303905817_1162160823683450062_n-1024x766.jpg\" alt=\"\" class=\"wp-image-640\" srcset=\"https:\/\/acelproductions.com\/wp-content\/uploads\/2024\/11\/462582313_1769081303905817_1162160823683450062_n-1024x766.jpg 1024w, https:\/\/acelproductions.com\/wp-content\/uploads\/2024\/11\/462582313_1769081303905817_1162160823683450062_n-300x224.jpg 300w, https:\/\/acelproductions.com\/wp-content\/uploads\/2024\/11\/462582313_1769081303905817_1162160823683450062_n-768x575.jpg 768w, https:\/\/acelproductions.com\/wp-content\/uploads\/2024\/11\/462582313_1769081303905817_1162160823683450062_n-1536x1149.jpg 1536w, https:\/\/acelproductions.com\/wp-content\/uploads\/2024\/11\/462582313_1769081303905817_1162160823683450062_n.jpg 1740w\" sizes=\"auto, (max-width: 1024px) 100vw, 1024px\" \/><\/figure>\n<\/figure>\n\n\n\n<figure class=\"wp-block-gallery has-nested-images columns-default is-cropped wp-block-gallery-3 is-layout-flex wp-block-gallery-is-layout-flex\">\n<figure class=\"wp-block-image size-large\"><img loading=\"lazy\" decoding=\"async\" width=\"1024\" height=\"766\" data-id=\"645\" src=\"https:\/\/acelproductions.com\/wp-content\/uploads\/2024\/11\/467474729_1098496245213362_4452471612814650590_n-1024x766.jpg\" alt=\"\" class=\"wp-image-645\" srcset=\"https:\/\/acelproductions.com\/wp-content\/uploads\/2024\/11\/467474729_1098496245213362_4452471612814650590_n-1024x766.jpg 1024w, https:\/\/acelproductions.com\/wp-content\/uploads\/2024\/11\/467474729_1098496245213362_4452471612814650590_n-300x224.jpg 300w, https:\/\/acelproductions.com\/wp-content\/uploads\/2024\/11\/467474729_1098496245213362_4452471612814650590_n-768x575.jpg 768w, https:\/\/acelproductions.com\/wp-content\/uploads\/2024\/11\/467474729_1098496245213362_4452471612814650590_n-1536x1149.jpg 1536w, https:\/\/acelproductions.com\/wp-content\/uploads\/2024\/11\/467474729_1098496245213362_4452471612814650590_n.jpg 1740w\" sizes=\"auto, (max-width: 1024px) 100vw, 1024px\" \/><\/figure>\n\n\n\n<figure class=\"wp-block-image size-large\"><img loading=\"lazy\" decoding=\"async\" width=\"1024\" height=\"766\" data-id=\"644\" src=\"https:\/\/acelproductions.com\/wp-content\/uploads\/2024\/11\/467476254_570160658935216_7206569662218348258_n-1024x766.jpg\" alt=\"\" class=\"wp-image-644\" srcset=\"https:\/\/acelproductions.com\/wp-content\/uploads\/2024\/11\/467476254_570160658935216_7206569662218348258_n-1024x766.jpg 1024w, https:\/\/acelproductions.com\/wp-content\/uploads\/2024\/11\/467476254_570160658935216_7206569662218348258_n-300x224.jpg 300w, https:\/\/acelproductions.com\/wp-content\/uploads\/2024\/11\/467476254_570160658935216_7206569662218348258_n-768x575.jpg 768w, https:\/\/acelproductions.com\/wp-content\/uploads\/2024\/11\/467476254_570160658935216_7206569662218348258_n-1536x1149.jpg 1536w, https:\/\/acelproductions.com\/wp-content\/uploads\/2024\/11\/467476254_570160658935216_7206569662218348258_n.jpg 1740w\" sizes=\"auto, (max-width: 1024px) 100vw, 1024px\" \/><\/figure>\n<\/figure>\n\n\n\n<figure class=\"wp-block-gallery has-nested-images columns-default is-cropped wp-block-gallery-4 is-layout-flex wp-block-gallery-is-layout-flex\">\n<figure class=\"wp-block-image size-large\"><img loading=\"lazy\" decoding=\"async\" width=\"768\" height=\"1024\" data-id=\"642\" src=\"https:\/\/acelproductions.com\/wp-content\/uploads\/2024\/11\/462553299_1352132505750025_3899851185434240599_n-768x1024.jpg\" alt=\"\" class=\"wp-image-642\" srcset=\"https:\/\/acelproductions.com\/wp-content\/uploads\/2024\/11\/462553299_1352132505750025_3899851185434240599_n-768x1024.jpg 768w, https:\/\/acelproductions.com\/wp-content\/uploads\/2024\/11\/462553299_1352132505750025_3899851185434240599_n-225x300.jpg 225w, https:\/\/acelproductions.com\/wp-content\/uploads\/2024\/11\/462553299_1352132505750025_3899851185434240599_n-1152x1536.jpg 1152w, https:\/\/acelproductions.com\/wp-content\/uploads\/2024\/11\/462553299_1352132505750025_3899851185434240599_n.jpg 1458w\" sizes=\"auto, (max-width: 768px) 100vw, 768px\" \/><\/figure>\n\n\n\n<figure class=\"wp-block-image size-large\"><img loading=\"lazy\" decoding=\"async\" width=\"766\" height=\"1024\" data-id=\"641\" src=\"https:\/\/acelproductions.com\/wp-content\/uploads\/2024\/11\/462561801_1220533939027030_2419209065164330068_n-766x1024.jpg\" alt=\"\" class=\"wp-image-641\" srcset=\"https:\/\/acelproductions.com\/wp-content\/uploads\/2024\/11\/462561801_1220533939027030_2419209065164330068_n-766x1024.jpg 766w, https:\/\/acelproductions.com\/wp-content\/uploads\/2024\/11\/462561801_1220533939027030_2419209065164330068_n-224x300.jpg 224w, https:\/\/acelproductions.com\/wp-content\/uploads\/2024\/11\/462561801_1220533939027030_2419209065164330068_n-768x1026.jpg 768w, https:\/\/acelproductions.com\/wp-content\/uploads\/2024\/11\/462561801_1220533939027030_2419209065164330068_n-1149x1536.jpg 1149w, https:\/\/acelproductions.com\/wp-content\/uploads\/2024\/11\/462561801_1220533939027030_2419209065164330068_n.jpg 1302w\" sizes=\"auto, (max-width: 766px) 100vw, 766px\" \/><\/figure>\n\n\n\n<figure class=\"wp-block-image size-large\"><img loading=\"lazy\" decoding=\"async\" width=\"768\" height=\"1024\" data-id=\"643\" src=\"https:\/\/acelproductions.com\/wp-content\/uploads\/2024\/11\/462570269_1105156311011144_4091617756860525490_n-768x1024.jpg\" alt=\"\" class=\"wp-image-643\" srcset=\"https:\/\/acelproductions.com\/wp-content\/uploads\/2024\/11\/462570269_1105156311011144_4091617756860525490_n-768x1024.jpg 768w, https:\/\/acelproductions.com\/wp-content\/uploads\/2024\/11\/462570269_1105156311011144_4091617756860525490_n-225x300.jpg 225w, https:\/\/acelproductions.com\/wp-content\/uploads\/2024\/11\/462570269_1105156311011144_4091617756860525490_n-1152x1536.jpg 1152w, https:\/\/acelproductions.com\/wp-content\/uploads\/2024\/11\/462570269_1105156311011144_4091617756860525490_n.jpg 1458w\" sizes=\"auto, (max-width: 768px) 100vw, 768px\" \/><\/figure>\n<\/figure>\n","protected":false},"excerpt":{"rendered":"<p>1er set : Dapnom (Nicolas Horvath) (\u00e9lectronique) Dapnom &#8211; Explosition 15-XI-24 2\u00e0me set : G\u00e9rard Pape (\u00e9lectronique, tambourin, chant) &#8211; Maurizio Barbetti (alto amplifi\u00e9) Strange Emergence (G. Pape) &#8211; Vampyr (Tristan Murail) &#8211; Heroin (Lou Reed) 3i\u00e8me set : G\u00e9rard Pape (\u00e9lectronique, chant) &#8211; Olga Krasenko (fl\u00fbtes, chant) &#8211; Jean-Michel Radzinski (Peintures sur plexiglass) Extraits [&hellip;]<\/p>\n","protected":false},"author":1,"featured_media":0,"parent":0,"menu_order":0,"comment_status":"closed","ping_status":"closed","template":"","meta":{"footnotes":""},"class_list":["post-635","page","type-page","status-publish","hentry"],"_links":{"self":[{"href":"https:\/\/acelproductions.com\/index.php\/wp-json\/wp\/v2\/pages\/635","targetHints":{"allow":["GET"]}}],"collection":[{"href":"https:\/\/acelproductions.com\/index.php\/wp-json\/wp\/v2\/pages"}],"about":[{"href":"https:\/\/acelproductions.com\/index.php\/wp-json\/wp\/v2\/types\/page"}],"author":[{"embeddable":true,"href":"https:\/\/acelproductions.com\/index.php\/wp-json\/wp\/v2\/users\/1"}],"replies":[{"embeddable":true,"href":"https:\/\/acelproductions.com\/index.php\/wp-json\/wp\/v2\/comments?post=635"}],"version-history":[{"count":2,"href":"https:\/\/acelproductions.com\/index.php\/wp-json\/wp\/v2\/pages\/635\/revisions"}],"predecessor-version":[{"id":830,"href":"https:\/\/acelproductions.com\/index.php\/wp-json\/wp\/v2\/pages\/635\/revisions\/830"}],"wp:attachment":[{"href":"https:\/\/acelproductions.com\/index.php\/wp-json\/wp\/v2\/media?parent=635"}],"curies":[{"name":"wp","href":"https:\/\/api.w.org\/{rel}","templated":true}]}}