{"id":575,"date":"2024-11-11T19:44:29","date_gmt":"2024-11-11T18:44:29","guid":{"rendered":"https:\/\/acelproductions.com\/?page_id=575"},"modified":"2024-11-11T19:44:29","modified_gmt":"2024-11-11T18:44:29","slug":"revue-de-presse-elektrofar","status":"publish","type":"page","link":"https:\/\/acelproductions.com\/index.php\/revue-de-presse-elektrofar\/","title":{"rendered":"Revue de presse \u00ab\u00a0Elektrofar\u00a0\u00bb"},"content":{"rendered":"\n<p><strong>Chronique parue sur le blog <a href=\"https:\/\/kosmikmu.blogspot.com\/2023\/01\/\" target=\"_blank\" rel=\"noreferrer noopener\">Kosm\u00efkMuz\u00efk<\/a> le 7 janvier 2023<\/strong><\/p>\n\n\n\n<p>Y.Seffer aura 84 ans cette ann\u00e9e. Avec un tel parcours, on pourrait s&rsquo;attendre \u00e0 ce que l&rsquo;artiste s&rsquo;efface peu \u00e0 peu, pris par d&rsquo;autres priorit\u00e9s. Mais le besoin de cr\u00e9er, de jouer, est sans doute le moteur de ce musicien hors des sentiers battus.<br>Il y a trois ans, un nouvel album de la Neffesh Music avait vu le jour comme un clin d&rsquo;oeil aux ann\u00e9es 70. Pour ce nouvel album, il retrouve le percussionniste Fran\u00e7ois Causse(Ethnic Trio, Zao\u2026) dans un d\u00e9dale de sons illustrant habilement les obsessions sonores de Seffer comme une forme de synth\u00e8se d&rsquo;un cheminement unique. Le travail sur les orchestrations est assez bluffant et on oublie tr\u00e8s vite ce qui est du ressort des machines ou des humains. <em>Jean-Christophe Alluin<\/em><br><\/p>\n\n\n\n<p><strong>Et comme deux avis valent mieux qu&rsquo;un, voici ce que Thierry Moreau nous a \u00e9crit au sujet de ce disque&#8230;<\/strong><\/p>\n\n\n\n<p>On ne pr\u00e9sente plus  Fran\u00e7ois Causse et  Yochk&rsquo;o Seffer, du moins dans les sph\u00e8res qui nous concernent.<br>Elektrofar  (concerto pour robots-percussionistes) rev\u00eat l&rsquo;habillage de l&rsquo;innovation ancr\u00e9 dans le sillage du fragile \u00e9quilibre entre l&rsquo;exp\u00e9rimentation, la rigueur d&rsquo;intentions.<br>Confronter l&rsquo;homme et les machines n&rsquo;est pas nouveau en soi, dans un autre registre Kraftwerk avait innov\u00e9 dans la mouvance \u00e9lectronique de D\u00fcsseldorf, mais ici on se positionne plus dans le brouillage de pistes, qui est qui? qui fait quoi?<br>L&rsquo;oreille se fait prendre au pi\u00e8ge, est-on dans l\u2019avant-garde jazz, le jazz-rock, l&rsquo;exp\u00e9rimental, le free, musique \u00e9crite, improvis\u00e9e, programm\u00e9e, al\u00e9atoire?<br>Peu importe les classements.<br>L&rsquo;homme et les robots sont en symbiose, un duo\/duel en confrontation mais ici fusionn\u00e9 dans une coh\u00e9rence o\u00f9 l&rsquo;homme, les hommes restent les maitres d&rsquo;oeuvre. On retrouve l\u2019assiste pianistique et la rigueur l\u00e9gendaire du soufflant Yochk&rsquo;o Seffer, et les r\u00e9f\u00e9rences \u00e0 B\u00e9la Bart\u00f3k (Musique pour cordes, percussion et c\u00e9lesta) entre autres.<br>On ne peut s\u2019emp\u00eacher de penser en r\u00e9sonances lointaines aux percussions de Moondog, Stomu Yamash&rsquo;ta ou Karlheinz Stockhausen, Art Zoyd Studio, l\u2019arm\u00e9e de robots-percussionnistes mart\u00e8lent comme un seul homme cet opus, les percussions acoustiques en surimpressions de Fran\u00e7ois causse exultent dans des soubressauts percussifs acoustiques haletants. Le travail de Fran\u00e7ois Causse est impressionnant tant par sa novation que par sa pr\u00e9cision.<br>On aura pu se dire qu&rsquo;un tel disque aurait pu \u00eatre ennuyeux mais non, les cordes apportent une orchestration presque hollywoodienne d\u00e9cal\u00e9e, une musique de film possible, mais qui reste de la musique vivante et vibrante.<br>(ACEL 029. Inouie distribution)<br><em>Thierry Moreau<\/em><\/p>\n\n\n\n<p><strong>Chronique parue sur dans <a href=\"https:\/\/rythmes-croises.org\/francois-causse-yochko-seffer-elektrofar-concerto-pour-robots-percussionnistes\/\" target=\"_blank\" rel=\"noreferrer noopener\">Rythmes Crois\u00e9s<\/a> le 29 d\u00e9cembre 2022<\/strong><\/p>\n\n\n\n<p>Ce disque rel\u00e8ve de la science-fiction. N\u2019allez pas vous imaginer par l\u00e0 qu\u2019il contient de la musique science-fictionesque (encore que\u2026) ou bien qu\u2019il s\u2019agit de la bande originale d\u2019un film de science-fiction. Non, son sous-titre n\u2019a rien d\u2019un gag, il contient bel et bien un&nbsp;<em>Concerto pour robots-percussionnistes&nbsp;;<\/em>&nbsp;et sa conception m\u00eame pourrait faire dire \u00e0 n\u2019importe quel auditeur candide \u00ab&nbsp;c\u2019est de la science-fiction ! \u00bb. Il fallait bien des t\u00eates br\u00fbl\u00e9es pour oser pareille aventure, et quand on conna\u00eet un tant soi peu le pedigree de Fran\u00e7ois CAUSSE et de Yochk\u2019o SEFFER, on ne peut \u00eatre qu\u2019\u00e0 moiti\u00e9 \u00e9tonn\u00e9s.<\/p>\n\n\n\n<p>Le premier, batteur-percussionniste d\u2019origine tahitienne, a eu un parcours pour le moins \u00e9clectique&nbsp;: s\u2019il a commenc\u00e9 \u00e0 jouer pour Bernard LAVILLIERS d\u00e8s l\u2019\u00e2ge de quinze ans, il a depuis accompagn\u00e9 des formations aussi vari\u00e9es que l\u2019Orchestre Philharmonique de Strasbourg, GONG, Christian VANDER OFFERING, et a jou\u00e9 aux c\u00f4t\u00e9s de Didier LOCKWOOD, Hubert-F\u00e9lix THIEFAINE, Alain BASHUNG, Ima SUMAC, Percy SLEDGE, Jean-Fran\u00e7ois PAUVROS et Keiji HA\u00cfNO, Charl\u00e9lie COUTURE, \u00ab M \u00bb, etc.<\/p>\n\n\n\n<p>Le second, saxophoniste, clarinettiste, pianiste et joueur de tarogato hongrois, a particip\u00e9, voire fond\u00e9, certaines des cr\u00e9ations et des formations dont la vis\u00e9e artistique \u00e9tait r\u00e9solument au carrefour du jazz-rock, du free jazz et de la musique contemporaine, comme PERCEPTION, MAGMA, ZAO, SPEED LIMIT, NEFFESH MUSIC, sans parler de sa carri\u00e8re soliste plantureuse et de sa discographie qui ne l\u2019est pas moins (dont certains fleurons ont \u00e9t\u00e9 chroniqu\u00e9s dans les pages de ce site)&nbsp;!<\/p>\n\n\n\n<p>SEFFER et CAUSSE ont aussi crois\u00e9 le fer ensemble \u00e0 plusieurs reprises, notamment dans la reformation de&nbsp;<a href=\"https:\/\/www.rythmes-croises.org\/zao-in-tokyo\/\" target=\"_blank\" rel=\"noreferrer noopener\">ZAO<\/a>&nbsp;dans les ann\u00e9es 2000, et dans l\u2019une de ses formations d\u00e9riv\u00e9es,&nbsp;<a href=\"https:\/\/www.rythmes-croises.org\/ethnic-trio-francois-cahen-yochk-o-seffer-francois-causse-live\/\" target=\"_blank\" rel=\"noreferrer noopener\">ETHNIC TRIO<\/a>, en compagnie de feu le pianiste Fran\u00e7ois \u00ab&nbsp;Faton&nbsp;\u00bb CAHEN, mais ils n\u2019avaient encore jamais r\u00e9alis\u00e9 d\u2019album ensemble. Pour autant, on aurait un peu de mal \u00e0 dire que ce disque est l\u2019\u0153uvre d\u2019un duo puisque les deux comp\u00e8res ne sont pas seuls \u00e0 y jouer. Ils sont en effet accompagn\u00e9s par (\u00e0 moins qu\u2019ils n\u2019accompagnent eux-m\u00eames) une garnison de robots-percussionnistes.<\/p>\n\n\n\n<p>Ces derniers ont \u00e9t\u00e9 con\u00e7us il y a d\u00e9j\u00e0 quelques lustres par Fran\u00e7ois CAUSSE et un ami d\u2019enfance, le sculpteur-inventeur Alain MILON. Leur id\u00e9e \u00e9tait de construire une machine jouant de la batterie encore mieux qu\u2019un \u00eatre humain ! C\u2019\u00e9tait sans doute quelque peu pr\u00e9somptueux, mais au fil du temps, et la technologie MIDI aidant, ils sont parvenus \u00e0 programmer des compositions enti\u00e8res pour leur machinerie percussive, qui a su int\u00e9grer la souplesse, la v\u00e9locit\u00e9 et les nuances de jeu d\u2019un vrai batteur. Alain BASHUNG et Mathieu CHEDID les ont notamment \u00ab&nbsp;recrut\u00e9&nbsp;\u00bb pour des spectacles.<\/p>\n\n\n\n<p>Depuis, CAUSSE et MILON ont encore perfectionn\u00e9 leurs robots-percussionnistes et les ont mis au niveau des possibilit\u00e9s informatiques actuelles, en leur programmant qui plus est un \u00ab&nbsp;toucher&nbsp;\u00bb jazz.<\/p>\n\n\n\n<p>Inspir\u00e9 par ses ann\u00e9es o\u00f9 il jouait avec les Percussions de Strasbourg, Fran\u00e7ois CAUSSE eut l\u2019id\u00e9e de r\u00e9aliser une musique contemporaine avec ces machines, et a convi\u00e9 fort logiquement Yochk\u2019o SEFFER, jamais frileux d\u00e8s qu\u2019il s\u2019agit de s\u2019investir dans un projet innovant, et ce \u00e0 plus de 80 ans s\u2019il vous pla\u00eet&nbsp;!<\/p>\n\n\n\n<p>Fruit de cette singuli\u00e8re exploration sonore,&nbsp;<em>Elektrofar<\/em>&nbsp;contient neuf compositions con\u00e7ues par Yochk\u2019o qui en a \u00e9crit les notes, et Fran\u00e7ois, qui les a calcul\u00e9 et programm\u00e9, tout en s\u2019investissant aussi dans la composition, mais d\u2019une autre mani\u00e8re, et leur interpr\u00e9tation est assur\u00e9e par les robots-percussionnistes, avec le concours de ces deux \u00e9nergum\u00e8nes humains.<\/p>\n\n\n\n<p>\u00c0 l\u2019\u00e9coute, on pourrait tr\u00e8s bien se persuader que l\u2019on \u00e9coute un disque de SEFFER et CAUSSE en compagnie d\u2019un orchestre comprenant cordes, cuivres, percussions, batterie et piano. Si l\u2019on est a priori loin de la musique jou\u00e9e \u00e0 l\u2019\u00e9poque par&nbsp;<a href=\"https:\/\/www.rythmes-croises.org\/zao-in-tokyo\/\" target=\"_blank\" rel=\"noreferrer noopener\">ZAO<\/a>&nbsp;ou&nbsp;<a href=\"https:\/\/www.rythmes-croises.org\/ethnic-trio-francois-cahen-yochk-o-seffer-francois-causse-live\/\" target=\"_blank\" rel=\"noreferrer noopener\">ETHNIC TRIO<\/a>, on en retrouve les ingr\u00e9dients, les composantes, les influences, les aspirations, bref tout l\u2019univers que CAUSSE et SEFFER nous ont habitu\u00e9s \u00e0 d\u00e9couvrir auparavant, avec toujours ce souci de brouiller les pistes entre \u00e9criture savante et improvisation. Sauf que tout cela est jou\u00e9 par des robots-percussionnistes dont ils ne sont que les accompagnants.<\/p>\n\n\n\n<p>Bien malin qui pourrait dire o\u00f9 et quand ce sont les humains qui jouent ou les machines. M\u00eame une oreille aff\u00fbt\u00e9e finira par reconna\u00eetre que ces robots, en d\u00e9pit de leur nature \u2013 et donc de leur limite \u2013 m\u00e9canique, ont su int\u00e9grer une part de \u00ab&nbsp;groove&nbsp;\u00bb, \u00e0 force de d\u00e9calages subtils et d\u2019effets de ralentissements qui temp\u00e8rent leur jeu en mode b\u00fbcheron, et savent m\u00eame improviser, m\u00eame si c\u2019est de fa\u00e7on accidentelle. Car, comme l\u2019explique Fran\u00e7ois CAUSSE, ces machines \u00e9tant tr\u00e8s lourdes, elles bougent quand elles jouent&nbsp;! Aussi, bien qu\u2019agissant en fonction d\u2019une programmation horlog\u00e8re haute pr\u00e9cision, de l\u00e9gers mouvements peuvent se produire qui d\u00e9calent subtilement leurs frappes. N\u00e9anmoins, elles n\u2019en sont pas encore au point de reproduire ni de d\u00e9passer le toucher et le \u00ab&nbsp;swing&nbsp;\u00bb humains (mais ce n\u2019est peut-\u00eatre qu\u2019une question de temps\u2026).<\/p>\n\n\n\n<p>Faut-il voir dans&nbsp;<em>Elektrofar<\/em>&nbsp;l\u2019expos\u00e9 d\u2019une confrontation homme\/machine ou d\u2019une collaboration entre outils et cr\u00e9ateurs&nbsp;? Il fait en tout cas \u00e9tat d\u2019un nouveau d\u00e9passement dans le parcours artistique des deux musiciens qui l\u2019ont confectionn\u00e9.&nbsp;<em>Elektrofar,<\/em>&nbsp;ou les aventures de Fran\u00e7ois CAUSSE et Yochk\u2019o SEFFER au pays de&nbsp;<em>Westworld,<\/em>&nbsp;est une exp\u00e9rience \u00e0 tenter absolument.<\/p>\n\n\n\n<p><em>St\u00e9phane Foug\u00e8re<\/em><\/p>\n\n\n\n<p><strong>Chronique parue dans Eurock Magazine<\/strong><\/p>\n\n\n\n<p>I Close this weeks Program with a preview from the brand NEW album ELEKTROFAR (Concerto Pour Robots &amp; Percussionists) by Yochk&rsquo;o Seffer &amp; Fran\u00e7ois Causse.<\/p>\n\n\n\n<p>It&rsquo;s scheduled to be released in France on the ACEL label SEPT 9, 2022 with the help of CNM &amp; SCPP).<\/p>\n\n\n\n<p>Yochk&rsquo;o&rsquo;s familiar saxophone foray&rsquo;s into celestial jazz &amp; strange electronic embellishments, together with the incredible array of Fran\u00e7ois&rsquo;s percussive pyrotechnics will have your head spinning &amp; your ears filled with an alchemy tone colors that only Yochk&rsquo;o could have conjured up.<\/p>\n\n\n\n<p><em>Archie Patterson<\/em><\/p>\n\n\n\n<p> <\/p>\n","protected":false},"excerpt":{"rendered":"<p>Chronique parue sur le blog Kosm\u00efkMuz\u00efk le 7 janvier 2023 Y.Seffer aura 84 ans cette ann\u00e9e. Avec un tel parcours, on pourrait s&rsquo;attendre \u00e0 ce que l&rsquo;artiste s&rsquo;efface peu \u00e0 peu, pris par d&rsquo;autres priorit\u00e9s. Mais le besoin de cr\u00e9er, de jouer, est sans doute le moteur de ce musicien hors des sentiers battus.Il y [&hellip;]<\/p>\n","protected":false},"author":1,"featured_media":0,"parent":0,"menu_order":0,"comment_status":"closed","ping_status":"closed","template":"","meta":{"footnotes":""},"class_list":["post-575","page","type-page","status-publish","hentry"],"_links":{"self":[{"href":"https:\/\/acelproductions.com\/index.php\/wp-json\/wp\/v2\/pages\/575","targetHints":{"allow":["GET"]}}],"collection":[{"href":"https:\/\/acelproductions.com\/index.php\/wp-json\/wp\/v2\/pages"}],"about":[{"href":"https:\/\/acelproductions.com\/index.php\/wp-json\/wp\/v2\/types\/page"}],"author":[{"embeddable":true,"href":"https:\/\/acelproductions.com\/index.php\/wp-json\/wp\/v2\/users\/1"}],"replies":[{"embeddable":true,"href":"https:\/\/acelproductions.com\/index.php\/wp-json\/wp\/v2\/comments?post=575"}],"version-history":[{"count":1,"href":"https:\/\/acelproductions.com\/index.php\/wp-json\/wp\/v2\/pages\/575\/revisions"}],"predecessor-version":[{"id":576,"href":"https:\/\/acelproductions.com\/index.php\/wp-json\/wp\/v2\/pages\/575\/revisions\/576"}],"wp:attachment":[{"href":"https:\/\/acelproductions.com\/index.php\/wp-json\/wp\/v2\/media?parent=575"}],"curies":[{"name":"wp","href":"https:\/\/api.w.org\/{rel}","templated":true}]}}