{"id":522,"date":"2024-10-25T19:54:05","date_gmt":"2024-10-25T17:54:05","guid":{"rendered":"https:\/\/acelproductions.com\/?page_id=522"},"modified":"2024-10-25T19:57:59","modified_gmt":"2024-10-25T17:57:59","slug":"concert-rencontres-electriques-au-99-en-mouvement-le-29-avril-2015","status":"publish","type":"page","link":"https:\/\/acelproductions.com\/index.php\/concert-rencontres-electriques-au-99-en-mouvement-le-29-avril-2015\/","title":{"rendered":"Concert Rencontres Electriques au 99 en mouvement le 29 avril 2015"},"content":{"rendered":"\n<figure class=\"wp-block-gallery has-nested-images columns-default is-cropped wp-block-gallery-1 is-layout-flex wp-block-gallery-is-layout-flex\">\n<figure class=\"wp-block-image size-large\"><img loading=\"lazy\" decoding=\"async\" width=\"1024\" height=\"765\" data-id=\"524\" src=\"https:\/\/acelproductions.com\/wp-content\/uploads\/2024\/10\/IMG_0530-1024x765.jpg\" alt=\"\" class=\"wp-image-524\" srcset=\"https:\/\/acelproductions.com\/wp-content\/uploads\/2024\/10\/IMG_0530-1024x765.jpg 1024w, https:\/\/acelproductions.com\/wp-content\/uploads\/2024\/10\/IMG_0530-300x224.jpg 300w, https:\/\/acelproductions.com\/wp-content\/uploads\/2024\/10\/IMG_0530-768x574.jpg 768w, https:\/\/acelproductions.com\/wp-content\/uploads\/2024\/10\/IMG_0530-1536x1147.jpg 1536w, https:\/\/acelproductions.com\/wp-content\/uploads\/2024\/10\/IMG_0530-2048x1530.jpg 2048w\" sizes=\"auto, (max-width: 1024px) 100vw, 1024px\" \/><\/figure>\n\n\n\n<figure class=\"wp-block-image size-large\"><img loading=\"lazy\" decoding=\"async\" width=\"1024\" height=\"768\" data-id=\"525\" src=\"https:\/\/acelproductions.com\/wp-content\/uploads\/2024\/10\/P4240671-1024x768.jpg\" alt=\"\" class=\"wp-image-525\" srcset=\"https:\/\/acelproductions.com\/wp-content\/uploads\/2024\/10\/P4240671-1024x768.jpg 1024w, https:\/\/acelproductions.com\/wp-content\/uploads\/2024\/10\/P4240671-300x225.jpg 300w, https:\/\/acelproductions.com\/wp-content\/uploads\/2024\/10\/P4240671-768x576.jpg 768w, https:\/\/acelproductions.com\/wp-content\/uploads\/2024\/10\/P4240671-1536x1152.jpg 1536w, https:\/\/acelproductions.com\/wp-content\/uploads\/2024\/10\/P4240671-2048x1536.jpg 2048w\" sizes=\"auto, (max-width: 1024px) 100vw, 1024px\" \/><\/figure>\n\n\n\n<figure class=\"wp-block-image size-large\"><img loading=\"lazy\" decoding=\"async\" width=\"1024\" height=\"765\" data-id=\"523\" src=\"https:\/\/acelproductions.com\/wp-content\/uploads\/2024\/10\/photo-4-1024x765.jpg\" alt=\"\" class=\"wp-image-523\" srcset=\"https:\/\/acelproductions.com\/wp-content\/uploads\/2024\/10\/photo-4-1024x765.jpg 1024w, https:\/\/acelproductions.com\/wp-content\/uploads\/2024\/10\/photo-4-300x224.jpg 300w, https:\/\/acelproductions.com\/wp-content\/uploads\/2024\/10\/photo-4-768x574.jpg 768w, https:\/\/acelproductions.com\/wp-content\/uploads\/2024\/10\/photo-4-1536x1147.jpg 1536w, https:\/\/acelproductions.com\/wp-content\/uploads\/2024\/10\/photo-4-2048x1530.jpg 2048w\" sizes=\"auto, (max-width: 1024px) 100vw, 1024px\" \/><\/figure>\n<\/figure>\n\n\n\n<figure class=\"wp-block-gallery has-nested-images columns-default is-cropped wp-block-gallery-2 is-layout-flex wp-block-gallery-is-layout-flex\">\n<figure class=\"wp-block-image size-large\"><img loading=\"lazy\" decoding=\"async\" width=\"1024\" height=\"465\" data-id=\"526\" src=\"https:\/\/acelproductions.com\/wp-content\/uploads\/2024\/10\/Photo4209-1024x465.jpg\" alt=\"\" class=\"wp-image-526\" srcset=\"https:\/\/acelproductions.com\/wp-content\/uploads\/2024\/10\/Photo4209-1024x465.jpg 1024w, https:\/\/acelproductions.com\/wp-content\/uploads\/2024\/10\/Photo4209-300x136.jpg 300w, https:\/\/acelproductions.com\/wp-content\/uploads\/2024\/10\/Photo4209-768x348.jpg 768w, https:\/\/acelproductions.com\/wp-content\/uploads\/2024\/10\/Photo4209-1536x697.jpg 1536w, https:\/\/acelproductions.com\/wp-content\/uploads\/2024\/10\/Photo4209-2048x929.jpg 2048w\" sizes=\"auto, (max-width: 1024px) 100vw, 1024px\" \/><\/figure>\n<\/figure>\n\n\n\n<figure class=\"wp-block-gallery has-nested-images columns-default is-cropped wp-block-gallery-3 is-layout-flex wp-block-gallery-is-layout-flex\">\n<figure class=\"wp-block-image size-large\"><img loading=\"lazy\" decoding=\"async\" width=\"768\" height=\"1024\" data-id=\"529\" src=\"https:\/\/acelproductions.com\/wp-content\/uploads\/2024\/10\/P4240668-768x1024.jpg\" alt=\"\" class=\"wp-image-529\" srcset=\"https:\/\/acelproductions.com\/wp-content\/uploads\/2024\/10\/P4240668-768x1024.jpg 768w, https:\/\/acelproductions.com\/wp-content\/uploads\/2024\/10\/P4240668-225x300.jpg 225w, https:\/\/acelproductions.com\/wp-content\/uploads\/2024\/10\/P4240668-1152x1536.jpg 1152w, https:\/\/acelproductions.com\/wp-content\/uploads\/2024\/10\/P4240668-1536x2048.jpg 1536w, https:\/\/acelproductions.com\/wp-content\/uploads\/2024\/10\/P4240668-scaled.jpg 1920w\" sizes=\"auto, (max-width: 768px) 100vw, 768px\" \/><\/figure>\n\n\n\n<figure class=\"wp-block-image size-large\"><img loading=\"lazy\" decoding=\"async\" width=\"768\" height=\"1024\" data-id=\"528\" src=\"https:\/\/acelproductions.com\/wp-content\/uploads\/2024\/10\/P4240678-768x1024.jpg\" alt=\"\" class=\"wp-image-528\" srcset=\"https:\/\/acelproductions.com\/wp-content\/uploads\/2024\/10\/P4240678-768x1024.jpg 768w, https:\/\/acelproductions.com\/wp-content\/uploads\/2024\/10\/P4240678-225x300.jpg 225w, https:\/\/acelproductions.com\/wp-content\/uploads\/2024\/10\/P4240678-1152x1536.jpg 1152w, https:\/\/acelproductions.com\/wp-content\/uploads\/2024\/10\/P4240678-1536x2048.jpg 1536w, https:\/\/acelproductions.com\/wp-content\/uploads\/2024\/10\/P4240678-scaled.jpg 1920w\" sizes=\"auto, (max-width: 768px) 100vw, 768px\" \/><\/figure>\n\n\n\n<figure class=\"wp-block-image size-large\"><img loading=\"lazy\" decoding=\"async\" width=\"765\" height=\"1024\" data-id=\"527\" src=\"https:\/\/acelproductions.com\/wp-content\/uploads\/2024\/10\/photo-10-765x1024.jpg\" alt=\"\" class=\"wp-image-527\" srcset=\"https:\/\/acelproductions.com\/wp-content\/uploads\/2024\/10\/photo-10-765x1024.jpg 765w, https:\/\/acelproductions.com\/wp-content\/uploads\/2024\/10\/photo-10-224x300.jpg 224w, https:\/\/acelproductions.com\/wp-content\/uploads\/2024\/10\/photo-10-768x1028.jpg 768w, https:\/\/acelproductions.com\/wp-content\/uploads\/2024\/10\/photo-10-1147x1536.jpg 1147w, https:\/\/acelproductions.com\/wp-content\/uploads\/2024\/10\/photo-10-1530x2048.jpg 1530w, https:\/\/acelproductions.com\/wp-content\/uploads\/2024\/10\/photo-10-scaled.jpg 1912w\" sizes=\"auto, (max-width: 765px) 100vw, 765px\" \/><\/figure>\n<\/figure>\n\n\n\n<p>Enregistrement public du CD \u00ab\u00a0<a href=\"https:\/\/acelproductions.com\/SITE_YOCHKO\/DETAILS_DISQUES\/bd_detail_re.html\" target=\"_blank\" rel=\"noreferrer noopener\">Rencontres Electriques<\/a>\u00a0\u00bb avec <a href=\"https:\/\/acelproductions.com\/YSeffer.html\">Yochk&rsquo;o Seffer<\/a>, Thollem McDonas, Serge Bertocchi, G\u00e9rard Pape, Olga Krasenko, Jean-Baptiste Favory, Stefan Tiedje, Fr\u00e9d\u00e9rick Martin<\/p>\n","protected":false},"excerpt":{"rendered":"<p>Enregistrement public du CD \u00ab\u00a0Rencontres Electriques\u00a0\u00bb avec Yochk&rsquo;o Seffer, Thollem McDonas, Serge Bertocchi, G\u00e9rard Pape, Olga Krasenko, Jean-Baptiste Favory, Stefan Tiedje, Fr\u00e9d\u00e9rick Martin<\/p>\n","protected":false},"author":1,"featured_media":0,"parent":0,"menu_order":0,"comment_status":"closed","ping_status":"closed","template":"","meta":{"footnotes":""},"class_list":["post-522","page","type-page","status-publish","hentry"],"_links":{"self":[{"href":"https:\/\/acelproductions.com\/index.php\/wp-json\/wp\/v2\/pages\/522","targetHints":{"allow":["GET"]}}],"collection":[{"href":"https:\/\/acelproductions.com\/index.php\/wp-json\/wp\/v2\/pages"}],"about":[{"href":"https:\/\/acelproductions.com\/index.php\/wp-json\/wp\/v2\/types\/page"}],"author":[{"embeddable":true,"href":"https:\/\/acelproductions.com\/index.php\/wp-json\/wp\/v2\/users\/1"}],"replies":[{"embeddable":true,"href":"https:\/\/acelproductions.com\/index.php\/wp-json\/wp\/v2\/comments?post=522"}],"version-history":[{"count":2,"href":"https:\/\/acelproductions.com\/index.php\/wp-json\/wp\/v2\/pages\/522\/revisions"}],"predecessor-version":[{"id":532,"href":"https:\/\/acelproductions.com\/index.php\/wp-json\/wp\/v2\/pages\/522\/revisions\/532"}],"wp:attachment":[{"href":"https:\/\/acelproductions.com\/index.php\/wp-json\/wp\/v2\/media?parent=522"}],"curies":[{"name":"wp","href":"https:\/\/api.w.org\/{rel}","templated":true}]}}