{"id":489,"date":"2024-10-22T12:26:22","date_gmt":"2024-10-22T10:26:22","guid":{"rendered":"https:\/\/acelproductions.com\/?page_id=489"},"modified":"2024-10-25T19:28:14","modified_gmt":"2024-10-25T17:28:14","slug":"yochko-seffer-red-misticum-au-lavoir-moderne-parisien-en-octobre-2010","status":"publish","type":"page","link":"https:\/\/acelproductions.com\/index.php\/yochko-seffer-red-misticum-au-lavoir-moderne-parisien-en-octobre-2010\/","title":{"rendered":"Yochk&rsquo;o Seffer \u00ab\u00a0Red Misticum\u00a0\u00bb au Lavoir Moderne Parisien en octobre 2010"},"content":{"rendered":"\n<figure class=\"wp-block-gallery has-nested-images columns-default is-cropped wp-block-gallery-1 is-layout-flex wp-block-gallery-is-layout-flex\">\n<figure class=\"wp-block-image size-large\"><img loading=\"lazy\" decoding=\"async\" width=\"768\" height=\"1024\" data-id=\"501\" src=\"https:\/\/acelproductions.com\/wp-content\/uploads\/2024\/10\/IMG_1978-768x1024.jpg\" alt=\"\" class=\"wp-image-501\" srcset=\"https:\/\/acelproductions.com\/wp-content\/uploads\/2024\/10\/IMG_1978-768x1024.jpg 768w, https:\/\/acelproductions.com\/wp-content\/uploads\/2024\/10\/IMG_1978-225x300.jpg 225w, https:\/\/acelproductions.com\/wp-content\/uploads\/2024\/10\/IMG_1978-1152x1536.jpg 1152w, https:\/\/acelproductions.com\/wp-content\/uploads\/2024\/10\/IMG_1978-1536x2048.jpg 1536w, https:\/\/acelproductions.com\/wp-content\/uploads\/2024\/10\/IMG_1978-scaled.jpg 1920w\" sizes=\"auto, (max-width: 768px) 100vw, 768px\" \/><\/figure>\n\n\n\n<figure class=\"wp-block-image size-large\"><img loading=\"lazy\" decoding=\"async\" width=\"768\" height=\"1024\" data-id=\"497\" src=\"https:\/\/acelproductions.com\/wp-content\/uploads\/2024\/10\/IMG_2044-768x1024.jpg\" alt=\"\" class=\"wp-image-497\" srcset=\"https:\/\/acelproductions.com\/wp-content\/uploads\/2024\/10\/IMG_2044-768x1024.jpg 768w, https:\/\/acelproductions.com\/wp-content\/uploads\/2024\/10\/IMG_2044-225x300.jpg 225w, https:\/\/acelproductions.com\/wp-content\/uploads\/2024\/10\/IMG_2044-1152x1536.jpg 1152w, https:\/\/acelproductions.com\/wp-content\/uploads\/2024\/10\/IMG_2044-1536x2048.jpg 1536w, https:\/\/acelproductions.com\/wp-content\/uploads\/2024\/10\/IMG_2044-scaled.jpg 1920w\" sizes=\"auto, (max-width: 768px) 100vw, 768px\" \/><\/figure>\n\n\n\n<figure class=\"wp-block-image size-large\"><img loading=\"lazy\" decoding=\"async\" width=\"768\" height=\"1024\" data-id=\"502\" src=\"https:\/\/acelproductions.com\/wp-content\/uploads\/2024\/10\/IMG_1921-768x1024.jpg\" alt=\"\" class=\"wp-image-502\" srcset=\"https:\/\/acelproductions.com\/wp-content\/uploads\/2024\/10\/IMG_1921-768x1024.jpg 768w, https:\/\/acelproductions.com\/wp-content\/uploads\/2024\/10\/IMG_1921-225x300.jpg 225w, https:\/\/acelproductions.com\/wp-content\/uploads\/2024\/10\/IMG_1921-1152x1536.jpg 1152w, https:\/\/acelproductions.com\/wp-content\/uploads\/2024\/10\/IMG_1921-1536x2048.jpg 1536w, https:\/\/acelproductions.com\/wp-content\/uploads\/2024\/10\/IMG_1921-scaled.jpg 1920w\" sizes=\"auto, (max-width: 768px) 100vw, 768px\" \/><\/figure>\n\n\n\n<figure class=\"wp-block-image size-large\"><img loading=\"lazy\" decoding=\"async\" width=\"768\" height=\"1024\" data-id=\"494\" src=\"https:\/\/acelproductions.com\/wp-content\/uploads\/2024\/10\/IMG_1994-768x1024.jpg\" alt=\"\" class=\"wp-image-494\" srcset=\"https:\/\/acelproductions.com\/wp-content\/uploads\/2024\/10\/IMG_1994-768x1024.jpg 768w, https:\/\/acelproductions.com\/wp-content\/uploads\/2024\/10\/IMG_1994-225x300.jpg 225w, https:\/\/acelproductions.com\/wp-content\/uploads\/2024\/10\/IMG_1994-1152x1536.jpg 1152w, https:\/\/acelproductions.com\/wp-content\/uploads\/2024\/10\/IMG_1994-1536x2048.jpg 1536w, https:\/\/acelproductions.com\/wp-content\/uploads\/2024\/10\/IMG_1994-scaled.jpg 1920w\" sizes=\"auto, (max-width: 768px) 100vw, 768px\" \/><\/figure>\n\n\n\n<figure class=\"wp-block-image size-large\"><img loading=\"lazy\" decoding=\"async\" width=\"1024\" height=\"768\" data-id=\"503\" src=\"https:\/\/acelproductions.com\/wp-content\/uploads\/2024\/10\/IMG_1923-1024x768.jpg\" alt=\"\" class=\"wp-image-503\" srcset=\"https:\/\/acelproductions.com\/wp-content\/uploads\/2024\/10\/IMG_1923-1024x768.jpg 1024w, https:\/\/acelproductions.com\/wp-content\/uploads\/2024\/10\/IMG_1923-300x225.jpg 300w, https:\/\/acelproductions.com\/wp-content\/uploads\/2024\/10\/IMG_1923-768x576.jpg 768w, https:\/\/acelproductions.com\/wp-content\/uploads\/2024\/10\/IMG_1923-1536x1152.jpg 1536w, https:\/\/acelproductions.com\/wp-content\/uploads\/2024\/10\/IMG_1923-2048x1536.jpg 2048w\" sizes=\"auto, (max-width: 1024px) 100vw, 1024px\" \/><\/figure>\n\n\n\n<figure class=\"wp-block-image size-large\"><img loading=\"lazy\" decoding=\"async\" width=\"768\" height=\"1024\" data-id=\"504\" src=\"https:\/\/acelproductions.com\/wp-content\/uploads\/2024\/10\/IMG_2048-768x1024.jpg\" alt=\"\" class=\"wp-image-504\" srcset=\"https:\/\/acelproductions.com\/wp-content\/uploads\/2024\/10\/IMG_2048-768x1024.jpg 768w, https:\/\/acelproductions.com\/wp-content\/uploads\/2024\/10\/IMG_2048-225x300.jpg 225w, https:\/\/acelproductions.com\/wp-content\/uploads\/2024\/10\/IMG_2048-1152x1536.jpg 1152w, https:\/\/acelproductions.com\/wp-content\/uploads\/2024\/10\/IMG_2048-1536x2048.jpg 1536w, https:\/\/acelproductions.com\/wp-content\/uploads\/2024\/10\/IMG_2048-scaled.jpg 1920w\" sizes=\"auto, (max-width: 768px) 100vw, 768px\" \/><\/figure>\n\n\n\n<figure class=\"wp-block-image size-large\"><img loading=\"lazy\" decoding=\"async\" width=\"1024\" height=\"768\" data-id=\"505\" src=\"https:\/\/acelproductions.com\/wp-content\/uploads\/2024\/10\/IMG_1967-1024x768.jpg\" alt=\"\" class=\"wp-image-505\" srcset=\"https:\/\/acelproductions.com\/wp-content\/uploads\/2024\/10\/IMG_1967-1024x768.jpg 1024w, https:\/\/acelproductions.com\/wp-content\/uploads\/2024\/10\/IMG_1967-300x225.jpg 300w, https:\/\/acelproductions.com\/wp-content\/uploads\/2024\/10\/IMG_1967-768x576.jpg 768w, https:\/\/acelproductions.com\/wp-content\/uploads\/2024\/10\/IMG_1967-1536x1152.jpg 1536w, https:\/\/acelproductions.com\/wp-content\/uploads\/2024\/10\/IMG_1967-2048x1536.jpg 2048w\" sizes=\"auto, (max-width: 1024px) 100vw, 1024px\" \/><\/figure>\n\n\n\n<figure class=\"wp-block-image size-large\"><img loading=\"lazy\" decoding=\"async\" width=\"475\" height=\"356\" data-id=\"506\" src=\"https:\/\/acelproductions.com\/wp-content\/uploads\/2024\/10\/IMG_2116REC.jpg\" alt=\"\" class=\"wp-image-506\" srcset=\"https:\/\/acelproductions.com\/wp-content\/uploads\/2024\/10\/IMG_2116REC.jpg 475w, https:\/\/acelproductions.com\/wp-content\/uploads\/2024\/10\/IMG_2116REC-300x225.jpg 300w\" sizes=\"auto, (max-width: 475px) 100vw, 475px\" \/><\/figure>\n\n\n\n<figure class=\"wp-block-image size-large\"><img loading=\"lazy\" decoding=\"async\" width=\"1024\" height=\"768\" data-id=\"507\" src=\"https:\/\/acelproductions.com\/wp-content\/uploads\/2024\/10\/IMG_2148-1024x768.jpg\" alt=\"\" class=\"wp-image-507\" srcset=\"https:\/\/acelproductions.com\/wp-content\/uploads\/2024\/10\/IMG_2148-1024x768.jpg 1024w, https:\/\/acelproductions.com\/wp-content\/uploads\/2024\/10\/IMG_2148-300x225.jpg 300w, https:\/\/acelproductions.com\/wp-content\/uploads\/2024\/10\/IMG_2148-768x576.jpg 768w, https:\/\/acelproductions.com\/wp-content\/uploads\/2024\/10\/IMG_2148-1536x1152.jpg 1536w, https:\/\/acelproductions.com\/wp-content\/uploads\/2024\/10\/IMG_2148-2048x1536.jpg 2048w\" sizes=\"auto, (max-width: 1024px) 100vw, 1024px\" \/><\/figure>\n<\/figure>\n\n\n\n<figure class=\"wp-block-gallery has-nested-images columns-default is-cropped wp-block-gallery-2 is-layout-flex wp-block-gallery-is-layout-flex\">\n<figure class=\"wp-block-image size-large\"><img loading=\"lazy\" decoding=\"async\" width=\"1024\" height=\"582\" data-id=\"490\" src=\"https:\/\/acelproductions.com\/wp-content\/uploads\/2024\/10\/IMG_2107REC-1024x582.jpg\" alt=\"\" class=\"wp-image-490\" srcset=\"https:\/\/acelproductions.com\/wp-content\/uploads\/2024\/10\/IMG_2107REC-1024x582.jpg 1024w, https:\/\/acelproductions.com\/wp-content\/uploads\/2024\/10\/IMG_2107REC-300x170.jpg 300w, https:\/\/acelproductions.com\/wp-content\/uploads\/2024\/10\/IMG_2107REC-768x436.jpg 768w, https:\/\/acelproductions.com\/wp-content\/uploads\/2024\/10\/IMG_2107REC-1536x872.jpg 1536w, https:\/\/acelproductions.com\/wp-content\/uploads\/2024\/10\/IMG_2107REC-2048x1163.jpg 2048w\" sizes=\"auto, (max-width: 1024px) 100vw, 1024px\" \/><\/figure>\n<\/figure>\n\n\n\n<figure class=\"wp-block-gallery has-nested-images columns-default is-cropped wp-block-gallery-3 is-layout-flex wp-block-gallery-is-layout-flex\">\n<figure class=\"wp-block-image size-large\"><img loading=\"lazy\" decoding=\"async\" width=\"1024\" height=\"768\" data-id=\"499\" src=\"https:\/\/acelproductions.com\/wp-content\/uploads\/2024\/10\/IMG_2000-1024x768.jpg\" alt=\"\" class=\"wp-image-499\" srcset=\"https:\/\/acelproductions.com\/wp-content\/uploads\/2024\/10\/IMG_2000-1024x768.jpg 1024w, https:\/\/acelproductions.com\/wp-content\/uploads\/2024\/10\/IMG_2000-300x225.jpg 300w, https:\/\/acelproductions.com\/wp-content\/uploads\/2024\/10\/IMG_2000-768x576.jpg 768w, https:\/\/acelproductions.com\/wp-content\/uploads\/2024\/10\/IMG_2000-1536x1152.jpg 1536w, https:\/\/acelproductions.com\/wp-content\/uploads\/2024\/10\/IMG_2000-2048x1536.jpg 2048w\" sizes=\"auto, (max-width: 1024px) 100vw, 1024px\" \/><\/figure>\n\n\n\n<figure class=\"wp-block-image size-large\"><img loading=\"lazy\" decoding=\"async\" width=\"1024\" height=\"768\" data-id=\"496\" src=\"https:\/\/acelproductions.com\/wp-content\/uploads\/2024\/10\/IMG_2012-1024x768.jpg\" alt=\"\" class=\"wp-image-496\" srcset=\"https:\/\/acelproductions.com\/wp-content\/uploads\/2024\/10\/IMG_2012-1024x768.jpg 1024w, https:\/\/acelproductions.com\/wp-content\/uploads\/2024\/10\/IMG_2012-300x225.jpg 300w, https:\/\/acelproductions.com\/wp-content\/uploads\/2024\/10\/IMG_2012-768x576.jpg 768w, https:\/\/acelproductions.com\/wp-content\/uploads\/2024\/10\/IMG_2012-1536x1152.jpg 1536w, https:\/\/acelproductions.com\/wp-content\/uploads\/2024\/10\/IMG_2012-2048x1536.jpg 2048w\" sizes=\"auto, (max-width: 1024px) 100vw, 1024px\" \/><\/figure>\n<\/figure>\n\n\n\n<p>S\u00e9rie de 4 concerts avec <a href=\"https:\/\/acelproductions.com\/YSeffer.html\">Yochk&rsquo;o Seffer,<\/a> <a href=\"https:\/\/acelproductions.com\/Causse.html\">Fran\u00e7ois Causse<\/a>, Laurent Matheron, Sylvain Miller, S\u00e9bastien Lovato, Simon Tailleu, Marc Buronfosse, Jean-Pascal Molina<\/p>\n","protected":false},"excerpt":{"rendered":"<p>S\u00e9rie de 4 concerts avec Yochk&rsquo;o Seffer, Fran\u00e7ois Causse, Laurent Matheron, Sylvain Miller, S\u00e9bastien Lovato, Simon Tailleu, Marc Buronfosse, Jean-Pascal Molina<\/p>\n","protected":false},"author":1,"featured_media":0,"parent":0,"menu_order":0,"comment_status":"closed","ping_status":"closed","template":"","meta":{"footnotes":""},"class_list":["post-489","page","type-page","status-publish","hentry"],"_links":{"self":[{"href":"https:\/\/acelproductions.com\/index.php\/wp-json\/wp\/v2\/pages\/489","targetHints":{"allow":["GET"]}}],"collection":[{"href":"https:\/\/acelproductions.com\/index.php\/wp-json\/wp\/v2\/pages"}],"about":[{"href":"https:\/\/acelproductions.com\/index.php\/wp-json\/wp\/v2\/types\/page"}],"author":[{"embeddable":true,"href":"https:\/\/acelproductions.com\/index.php\/wp-json\/wp\/v2\/users\/1"}],"replies":[{"embeddable":true,"href":"https:\/\/acelproductions.com\/index.php\/wp-json\/wp\/v2\/comments?post=489"}],"version-history":[{"count":3,"href":"https:\/\/acelproductions.com\/index.php\/wp-json\/wp\/v2\/pages\/489\/revisions"}],"predecessor-version":[{"id":517,"href":"https:\/\/acelproductions.com\/index.php\/wp-json\/wp\/v2\/pages\/489\/revisions\/517"}],"wp:attachment":[{"href":"https:\/\/acelproductions.com\/index.php\/wp-json\/wp\/v2\/media?parent=489"}],"curies":[{"name":"wp","href":"https:\/\/api.w.org\/{rel}","templated":true}]}}