{"id":168,"date":"2023-12-23T20:43:26","date_gmt":"2023-12-23T19:43:26","guid":{"rendered":"https:\/\/acelproductions.com\/?page_id=168"},"modified":"2026-04-12T19:14:49","modified_gmt":"2026-04-12T17:14:49","slug":"les-nouvelles","status":"publish","type":"page","link":"https:\/\/acelproductions.com\/index.php\/les-nouvelles\/","title":{"rendered":"L&rsquo;agenda et les nouvelles"},"content":{"rendered":"\n<div class=\"wp-block-buttons is-layout-flex wp-block-buttons-is-layout-flex\"><\/div>\n\n\n\n<h2 class=\"wp-block-heading\"><strong>Une sortie discographique en juin<\/strong> <strong>pour ELIMA TRIO!<\/strong><\/h2>\n\n\n\n<figure class=\"wp-block-image size-large\"><img loading=\"lazy\" decoding=\"async\" width=\"1024\" height=\"1024\" src=\"https:\/\/acelproductions.com\/wp-content\/uploads\/2026\/04\/1V6A8078_03-1024x1024.jpg\" alt=\"\" class=\"wp-image-1227\" srcset=\"https:\/\/acelproductions.com\/wp-content\/uploads\/2026\/04\/1V6A8078_03-1024x1024.jpg 1024w, https:\/\/acelproductions.com\/wp-content\/uploads\/2026\/04\/1V6A8078_03-300x300.jpg 300w, https:\/\/acelproductions.com\/wp-content\/uploads\/2026\/04\/1V6A8078_03-150x150.jpg 150w, https:\/\/acelproductions.com\/wp-content\/uploads\/2026\/04\/1V6A8078_03-768x768.jpg 768w, https:\/\/acelproductions.com\/wp-content\/uploads\/2026\/04\/1V6A8078_03-1536x1536.jpg 1536w, https:\/\/acelproductions.com\/wp-content\/uploads\/2026\/04\/1V6A8078_03-2048x2048.jpg 2048w\" sizes=\"auto, (max-width: 1024px) 100vw, 1024px\" \/><\/figure>\n\n\n\n<p>Nous travaillons actuellement sur les visuels et la promotion et ensuite ce sera l&rsquo;entr\u00e9e en fabrication.<\/p>\n\n\n\n<p><strong>Nous ne vous cachons pas que nous avons besoin de s\u00e9curiser financi\u00e8rement ces derni\u00e8res mais \u00f4 combien essentielles phases du projet, aussi avons nous lanc\u00e9 un financement participatif.<\/strong><\/p>\n\n\n\n<p>N&rsquo;h\u00e9sitez pas \u00e0 en parler autour de vous ou \u00e0 contribuer (lien ci-dessous). Nous avons pr\u00e9vu de belles contreparties.<\/p>\n\n\n\n<p><em>Une sortie discographique en partenariat avec le <strong>CNM&nbsp;<\/strong>que nous remercions chaleureusement.<\/em><\/p>\n\n\n\n<p>Le concert de sortie aura lieu le 26 juin au Triton : des d\u00e9tails tr\u00e8s vite mais vous pouvez d\u00e9j\u00e0 r\u00e9server votre place.<\/p>\n\n\n\n<div class=\"wp-block-buttons is-layout-flex wp-block-buttons-is-layout-flex\">\n<div class=\"wp-block-button\"><a class=\"wp-block-button__link wp-element-button\" href=\"https:\/\/www.youtube.com\/watch?v=jCyBht7bnr4&amp;feature=youtu.be\" target=\"_blank\" rel=\"noreferrer noopener\">Vid\u00e9o de pr\u00e9sentation de <em>Tourbillon<\/em><\/a><\/div>\n\n\n\n<div class=\"wp-block-button\"><a class=\"wp-block-button__link wp-element-button\" href=\"https:\/\/www.helloasso.com\/associations\/acel\/collectes\/jazz-connections-par-elima-trio\" target=\"_blank\" rel=\"noreferrer noopener\">Participer \u00e0 <em>Tourbillon<\/em><\/a><\/div>\n\n\n\n<div class=\"wp-block-button\"><a class=\"wp-block-button__link wp-element-button\" href=\"https:\/\/www.fnacspectacles.com\/event\/elima-trio-tourbillon-le-triton-21334712\/#tab=\" target=\"_blank\" rel=\"noreferrer noopener\">R\u00e9server pour le concert de sortie le 26 juin au Triton<\/a><\/div>\n<\/div>\n\n\n\n<hr class=\"wp-block-separator has-alpha-channel-opacity\"\/>\n\n\n\n<h2 class=\"wp-block-heading\"><em>Klamath <\/em>de Christophe Lincontang<\/h2>\n\n\n\n<p><strong>Le 24\/4<\/strong> <em>Klamath&nbsp;<\/em>sortira en vinyl, CD, t\u00e9l\u00e9chargement et streaming.<\/p>\n\n\n\n<p>Le concert de sortie aura lieu le 24 avril au Hot Club de Lyon (26 rue Lanterne &#8211; 69001) \u00e0 20h30<\/p>\n\n\n\n<p>Un grand merci \u00e0 Ludwig Laisn\u00e9, pr\u00e9sident du Hot Club de Lyon, membre de l\u2019Acad\u00e9mie du Jazz pour son incitation, sa participation tr\u00e8s active \u00e0 ce projet et ses magnifiques notes de pochette.<\/p>\n\n\n\n<p>Christophe Lincontang I Contrebasse, composition &#8211; Benoit Th\u00e9venot I Piano &#8211; Andy Barron I Batterie<\/p>\n\n\n\n<div class=\"wp-block-buttons is-layout-flex wp-block-buttons-is-layout-flex\">\n<div class=\"wp-block-button\"><a class=\"wp-block-button__link wp-element-button\" href=\"https:\/\/bfan.link\/klamath\" target=\"_blank\" rel=\"noreferrer noopener\">Pr\u00e9commander <em>Klamath<\/em><\/a><\/div>\n\n\n\n<div class=\"wp-block-button\"><a class=\"wp-block-button__link wp-element-button\" href=\"https:\/\/e.pcloud.link\/publink\/show?code=XZOCmvZnOKxiBs2I4B7oQMtJjhQ7mrDNcmV&amp;sfnsn=scwspmo\" target=\"_blank\" rel=\"noreferrer noopener\"><em>Klamath <\/em>\u00e0 la radio<\/a><\/div>\n\n\n\n\n\n<div class=\"wp-block-button\"><a class=\"wp-block-button__link wp-element-button\" href=\"https:\/\/www.youtube.com\/watch?feature=shared&amp;v=QDdZEU8hXhI\" target=\"_blank\" rel=\"noreferrer noopener\"><em>Klamath <\/em>en vid\u00e9o<\/a><\/div>\n\n\n\n<div class=\"wp-block-button\"><a class=\"wp-block-button__link wp-element-button\" href=\"https:\/\/www.hotclubjazzlyon.com\/evenements\/20260305-christophe-lincontang-trio-2\/\" target=\"_blank\" rel=\"noreferrer noopener\">Des informations sur le concert de sortie<\/a><\/div>\n<\/div>\n\n\n\n<figure class=\"wp-block-image size-full is-resized\"><img loading=\"lazy\" decoding=\"async\" width=\"716\" height=\"772\" src=\"https:\/\/acelproductions.com\/wp-content\/uploads\/2026\/03\/KLAMATH.jpg\" alt=\"\" class=\"wp-image-1206\" style=\"width:620px;height:auto\" srcset=\"https:\/\/acelproductions.com\/wp-content\/uploads\/2026\/03\/KLAMATH.jpg 716w, https:\/\/acelproductions.com\/wp-content\/uploads\/2026\/03\/KLAMATH-278x300.jpg 278w\" sizes=\"auto, (max-width: 716px) 100vw, 716px\" \/><\/figure>\n\n\n\n<hr class=\"wp-block-separator has-alpha-channel-opacity\"\/>\n\n\n\n<h2 class=\"wp-block-heading\"><strong>Il est sorti!<\/strong><\/h2>\n\n\n\n<div class=\"wp-block-buttons is-layout-flex wp-block-buttons-is-layout-flex\"><\/div>\n\n\n\n<figure class=\"wp-block-image size-large\"><img loading=\"lazy\" decoding=\"async\" width=\"1024\" height=\"1024\" src=\"https:\/\/acelproductions.com\/wp-content\/uploads\/2026\/02\/CV4TET_FASSAVANT-pour-COM-1024x1024.jpg\" alt=\"\" class=\"wp-image-1178\" srcset=\"https:\/\/acelproductions.com\/wp-content\/uploads\/2026\/02\/CV4TET_FASSAVANT-pour-COM-1024x1024.jpg 1024w, https:\/\/acelproductions.com\/wp-content\/uploads\/2026\/02\/CV4TET_FASSAVANT-pour-COM-300x300.jpg 300w, https:\/\/acelproductions.com\/wp-content\/uploads\/2026\/02\/CV4TET_FASSAVANT-pour-COM-150x150.jpg 150w, https:\/\/acelproductions.com\/wp-content\/uploads\/2026\/02\/CV4TET_FASSAVANT-pour-COM-768x768.jpg 768w, https:\/\/acelproductions.com\/wp-content\/uploads\/2026\/02\/CV4TET_FASSAVANT-pour-COM.jpg 1440w\" sizes=\"auto, (max-width: 1024px) 100vw, 1024px\" \/><\/figure>\n\n\n\n<p><\/p>\n\n\n\n<p><em><strong>\u00ab\u00a0nul doute que la musique solaire ici grav\u00e9e saura vous emporter vers d\u2019envo\u00fbtants rivages sonores, loin des contingences du temps. Et que cet hommage \u00e0 l&rsquo;immense cr\u00e9ateur qu&rsquo;est John Coltrane contribuera \u00e0 rendre justice aux couleurs des quatre musiciens habit\u00e9s du quartet de Christian Vander, gardiens du temple d&rsquo;une musique libre, mouvante et intemporelle dont l&rsquo;h\u00e9ritage fut rarement assum\u00e9 avec autant de foi et d&rsquo;exigence.\u00a0\u00bb<\/strong><\/em><\/p>\n\n\n\n<p><\/p>\n\n\n\n<ul class=\"wp-block-list\">\n<li>My Favorite Things (12:06)<\/li>\n\n\n\n<li>I Want To Talk About You (8:39)<\/li>\n\n\n\n<li>Transition (13:48)<\/li>\n\n\n\n<li>Equinox (8:04)<\/li>\n\n\n\n<li>Impressions (21:19)<\/li>\n\n\n\n<li>Crescent (4:46)<\/li>\n<\/ul>\n\n\n\n<p>\u00c9RIC PROST : saxophones t\u00e9nor et soprano<br>EMMANUEL BORGHI : piano<br>EMMANUEL GRIMONPREZ : contrebasse<br>CHRISTIAN VANDER : batterie<\/p>\n\n\n\n<p>Enregistr\u00e9 le 30 mars 2002 \u00e0 Rennes, Salle de la Cit\u00e9 par Olier Arnaud<br>Produit par Christian Vander<br>Restaur\u00e9 et masteris\u00e9 par Jean-Baptiste Favory<\/p>\n\n\n\n<div class=\"wp-block-buttons is-layout-flex wp-block-buttons-is-layout-flex\">\n<div class=\"wp-block-button\"><a class=\"wp-block-button__link wp-element-button\" href=\"https:\/\/bfan.link\/concert-rennes-2002\" target=\"_blank\" rel=\"noreferrer noopener\">Commander <em>Concert Rennes 2002<\/em><\/a><\/div>\n<\/div>\n\n\n\n<div class=\"wp-block-buttons is-layout-flex wp-block-buttons-is-layout-flex\">\n<div class=\"wp-block-button\"><a class=\"wp-block-button__link wp-element-button\" href=\"https:\/\/www.citizenjazz.com\/Christian-Vander-Quartet.html\" target=\"_blank\" rel=\"noreferrer noopener\">Une premi\u00e8re chronique du CD<\/a><\/div>\n<\/div>\n\n\n\n<div class=\"wp-block-buttons is-layout-flex wp-block-buttons-is-layout-flex\"><\/div>\n\n\n\n<div class=\"wp-block-buttons is-layout-flex wp-block-buttons-is-layout-flex\"><\/div>\n\n\n\n<div class=\"wp-block-buttons is-layout-flex wp-block-buttons-is-layout-flex\"><\/div>\n\n\n\n<div class=\"wp-block-buttons is-layout-flex wp-block-buttons-is-layout-flex\"><\/div>\n\n\n\n<div class=\"wp-block-buttons is-layout-flex wp-block-buttons-is-layout-flex\"><\/div>\n\n\n\n<hr class=\"wp-block-separator has-alpha-channel-opacity\"\/>\n\n\n\n<h2 class=\"wp-block-heading\"><strong>Un prix pour <em>African Rhapsody<\/em> de Leila Olivesi<\/strong><\/h2>\n\n\n\n<figure class=\"wp-block-image size-full\"><img loading=\"lazy\" decoding=\"async\" width=\"826\" height=\"738\" src=\"http:\/\/acelproductions.com\/wp-content\/uploads\/2025\/10\/AFRICANRHAPSODY_FASSAVANT.jpg\" alt=\"\" class=\"wp-image-1075\" srcset=\"https:\/\/acelproductions.com\/wp-content\/uploads\/2025\/10\/AFRICANRHAPSODY_FASSAVANT.jpg 826w, https:\/\/acelproductions.com\/wp-content\/uploads\/2025\/10\/AFRICANRHAPSODY_FASSAVANT-300x268.jpg 300w, https:\/\/acelproductions.com\/wp-content\/uploads\/2025\/10\/AFRICANRHAPSODY_FASSAVANT-768x686.jpg 768w\" sizes=\"auto, (max-width: 826px) 100vw, 826px\" \/><\/figure>\n\n\n\n<p><em>African Rhapsody<\/em> a obtenu le 9 mars 2026 le prix du disque fran\u00e7ais 2025 d\u00e9cern\u00e9 par l&rsquo;Acad\u00e9mie du Jazz.<\/p>\n\n\n\n<hr class=\"wp-block-separator has-alpha-channel-opacity\"\/>\n\n\n\n<p id=\"isPasted\"><\/p>\n\n\n\n<p>.<\/p>\n\n\n\n<div class=\"wp-block-buttons is-layout-flex wp-block-buttons-is-layout-flex\"><\/div>\n\n\n\n<p><\/p>\n\n\n\n<h2 class=\"wp-block-heading\"><strong>Caillou : nous avons toujours besoin de vous<\/strong>!<\/h2>\n\n\n\n<p>2026 verra la sortie du deuxi\u00e8me album de Caillou, la formation tellurique de Philippe Gleizes avec Rudy Blas, Antonin Rayon et Charles Lucas.<\/p>\n\n\n\n<p>Cette production associera ACEL, Sonio\u00f9 Production et Soleil Zeuhl, label sur lequel sortira ce deuxi\u00e8me effort.<\/p>\n\n\n\n<p>D&rsquo;ores et d\u00e9j\u00e0 vous pouvez participer \u00e0 ce projet et b\u00e9n\u00e9ficier de contreparties.<\/p>\n\n\n\n<div class=\"wp-block-buttons is-layout-flex wp-block-buttons-is-layout-flex\">\n<div class=\"wp-block-button\"><a class=\"wp-block-button__link wp-element-button\" href=\"https:\/\/www.helloasso.com\/associations\/acel\/collectes\/le-retour-de-caillou\" target=\"_blank\" rel=\"noreferrer noopener\">Participer au deuxi\u00e8me album de Caillou<\/a><\/div>\n<\/div>\n\n\n\n<hr class=\"wp-block-separator has-alpha-channel-opacity\"\/>\n\n\n\n<h2 class=\"wp-block-heading\"><strong>\u00c8ve Noire&#8230; des concerts puis un enregistrement!<\/strong><\/h2>\n\n\n\n<p>Nous sommes tr\u00e8s heureux de vous faire part de ce nouveau projet discographique, \u00c8ve Noire, oeuvre de la compositrice Virginie Aster.<\/p>\n\n\n\n<figure class=\"wp-block-image size-large\"><img loading=\"lazy\" decoding=\"async\" width=\"768\" height=\"1024\" src=\"https:\/\/acelproductions.com\/wp-content\/uploads\/2026\/03\/1771263500304-768x1024.jpg\" alt=\"\" class=\"wp-image-1202\" srcset=\"https:\/\/acelproductions.com\/wp-content\/uploads\/2026\/03\/1771263500304-768x1024.jpg 768w, https:\/\/acelproductions.com\/wp-content\/uploads\/2026\/03\/1771263500304-225x300.jpg 225w, https:\/\/acelproductions.com\/wp-content\/uploads\/2026\/03\/1771263500304-1152x1536.jpg 1152w, https:\/\/acelproductions.com\/wp-content\/uploads\/2026\/03\/1771263500304-1536x2048.jpg 1536w, https:\/\/acelproductions.com\/wp-content\/uploads\/2026\/03\/1771263500304-scaled.jpg 1920w\" sizes=\"auto, (max-width: 768px) 100vw, 768px\" \/><\/figure>\n\n\n\n<p><strong>Un voyage musical<\/strong><\/p>\n\n\n\n<p>\u00c8ve Noire est une oeuvre pour violon et percussions africaines n\u00e9e de la rencontre entre deux traditions musicales : la musique classique occidentale et la richesse rythmique des<br>percussions d\u2019Afrique de l\u2019Ouest.<br>Compositrice et violoniste, Virginie Aster imagine ce projet \u00e0 la suite de plusieurs s\u00e9jours en Afrique, avec l\u2019intuition de faire dialoguer le violon \u2014 instrument embl\u00e9matique de la<br>tradition classique \u00e9crite occidentale \u2014 et les percussions africaines issues de la po\u00e9tique<br>orale.<br>Sur sc\u00e8ne, les deux instrumentistes construisent un dialogue vivant o\u00f9 les timbres, les gestes et les \u00e9nergies se r\u00e9pondent et r\u00e9v\u00e8lent une m\u00eame \u00e9nergie du son. La musique devient narration, le concert se fait exp\u00e9rience sc\u00e9nique.<br>\u00c0 la crois\u00e9e du concert et de la forme th\u00e9\u00e2trale, \u00c8ve Noire propose un voyage musical<br>sensible et immersif, port\u00e9 par la pr\u00e9sence des interpr\u00e8tes et la force du rythme.<\/p>\n\n\n\n<p>\u00c8ve Noire est en cours d&rsquo;\u00e9criture, mais d&rsquo;ores et d\u00e9j\u00e0, des ex\u00e9cutions partielles sont pr\u00e9vues dans les mois qui viennent.<\/p>\n\n\n\n<p><strong>Avec Elsa Grether : violon et Oumarou Bambara : percussions<\/strong><\/p>\n\n\n\n<p><em>18 avril 2026<br>Concert d\u2019\u00c8ve Noire<br>Festival Pr\u00e9sence Compositrices &#8211; Abbaye de la Celle (83)<br>21 mai 2026<br>Concert d\u2019\u00c8ve Noire &#8211; pr\u00e9sentation du festival<br>Festival Cordes sur Ciel &#8211; Cordes sur Ciel (81)<\/em><\/p>\n\n\n\n<hr class=\"wp-block-separator has-alpha-channel-opacity\"\/>\n\n\n\n<h2 class=\"wp-block-heading\"><strong>Les autres sorties discographiques<\/strong><\/h2>\n\n\n\n<div class=\"wp-block-buttons is-layout-flex wp-block-buttons-is-layout-flex\"><\/div>\n\n\n\n<div class=\"wp-block-buttons is-layout-flex wp-block-buttons-is-layout-flex\"><\/div>\n\n\n\n<div class=\"wp-block-buttons is-layout-flex wp-block-buttons-is-layout-flex\"><\/div>\n\n\n\n<p><strong>Le 27\/3<\/strong> <em>Imoth Sin<\/em>, nouvel album de Dolorosa, malheureusement retard\u00e9 pour un incident en sortie d&rsquo;usine ayant impact\u00e9 la qualit\u00e9 des pochettes.<\/p>\n\n\n\n<figure class=\"wp-block-image size-large\"><img loading=\"lazy\" decoding=\"async\" width=\"1024\" height=\"940\" src=\"https:\/\/acelproductions.com\/wp-content\/uploads\/2026\/01\/IMOTH-SIN_FASSAVANT-1024x940.jpg\" alt=\"\" class=\"wp-image-1164\" srcset=\"https:\/\/acelproductions.com\/wp-content\/uploads\/2026\/01\/IMOTH-SIN_FASSAVANT-1024x940.jpg 1024w, https:\/\/acelproductions.com\/wp-content\/uploads\/2026\/01\/IMOTH-SIN_FASSAVANT-300x275.jpg 300w, https:\/\/acelproductions.com\/wp-content\/uploads\/2026\/01\/IMOTH-SIN_FASSAVANT-768x705.jpg 768w, https:\/\/acelproductions.com\/wp-content\/uploads\/2026\/01\/IMOTH-SIN_FASSAVANT-1536x1410.jpg 1536w, https:\/\/acelproductions.com\/wp-content\/uploads\/2026\/01\/IMOTH-SIN_FASSAVANT.jpg 1652w\" sizes=\"auto, (max-width: 1024px) 100vw, 1024px\" \/><\/figure>\n\n\n\n<div class=\"wp-block-buttons is-layout-flex wp-block-buttons-is-layout-flex\">\n<div class=\"wp-block-button\"><a class=\"wp-block-button__link wp-element-button\" href=\"https:\/\/bfan.link\/imoth-sin\" target=\"_blank\" rel=\"noreferrer noopener\">Commander <em>Imoth Sin<\/em><\/a><\/div>\n<\/div>\n\n\n\n<p><\/p>\n\n\n\n<p><\/p>\n\n\n\n<p><\/p>\n\n\n\n<hr class=\"wp-block-separator has-alpha-channel-opacity\"\/>\n\n\n\n<h3 class=\"wp-block-heading\">Et \u00e0 venir&#8230;<\/h3>\n\n\n\n<p><\/p>\n\n\n\n<ul class=\"wp-block-list\">\n<li><em>Isis Sundance<\/em> de Daniel Sicart en juin 2026<\/li>\n\n\n\n<li><em>Fictions <\/em>de Yann Cleary en juin 2026<\/li>\n\n\n\n<li><em>Escales <\/em>du duo de pianistes Flore Dupuy et Florence Ribot \u00e0 l&rsquo;automne 2026<\/li>\n\n\n\n<li><em>Inh\u00e9rence <\/em>de Jean-Marc Chouvel et <em>La grande mar\u00e9e<\/em> de Jean-Baptiste Favory fin 2026<\/li>\n<\/ul>\n\n\n\n<hr class=\"wp-block-separator has-alpha-channel-opacity\"\/>\n\n\n\n<h2 class=\"wp-block-heading\">Coup de c\u0153ur pour CAMINOS<\/h2>\n\n\n\n<p>Nous aimons beaucoup cette formation et notre label va participer \u00e0 la sortie de leur premier EP le 24 avril 2026.<\/p>\n\n\n\n<figure class=\"wp-block-image size-large\"><img loading=\"lazy\" decoding=\"async\" width=\"1024\" height=\"683\" src=\"https:\/\/acelproductions.com\/wp-content\/uploads\/2026\/02\/Zn-250731-039-1024x683.jpg\" alt=\"\" class=\"wp-image-1186\" srcset=\"https:\/\/acelproductions.com\/wp-content\/uploads\/2026\/02\/Zn-250731-039-1024x683.jpg 1024w, https:\/\/acelproductions.com\/wp-content\/uploads\/2026\/02\/Zn-250731-039-300x200.jpg 300w, https:\/\/acelproductions.com\/wp-content\/uploads\/2026\/02\/Zn-250731-039-768x512.jpg 768w, https:\/\/acelproductions.com\/wp-content\/uploads\/2026\/02\/Zn-250731-039-1536x1024.jpg 1536w, https:\/\/acelproductions.com\/wp-content\/uploads\/2026\/02\/Zn-250731-039.jpg 1950w\" sizes=\"auto, (max-width: 1024px) 100vw, 1024px\" \/><\/figure>\n\n\n\n<p>En concert les :<\/p>\n\n\n\n<p><\/p>\n\n\n\n<ul class=\"wp-block-list\">\n<li>19 avril 2026 : La voie est libre (Marseille 13007)<\/li>\n\n\n\n<li>15 aout 2026 : le Moulin \u00e0 Son (Valensole 04)<\/li>\n\n\n\n<li>4 juin 2026 : Le Triton (Paris &#8211; les Lilas 93260) concert de sortie parisienne de l\u2019EP<\/li>\n\n\n\n<li>20 novembre 2026 : cit\u00e9 de la musique (Marseille 13001) concert de sortie marseillaise de l\u2019EP<\/li>\n<\/ul>\n\n\n\n<div class=\"wp-block-buttons is-layout-flex wp-block-buttons-is-layout-flex\">\n<div class=\"wp-block-button\"><a class=\"wp-block-button__link wp-element-button\" href=\"https:\/\/www.youtube.com\/watch?v=mmBR9m5gyTQ\" target=\"_blank\" rel=\"noreferrer noopener\">Caminos en vid\u00e9o<\/a><\/div>\n<\/div>\n\n\n\n<hr class=\"wp-block-separator has-alpha-channel-opacity\"\/>\n\n\n\n<h2 class=\"wp-block-heading\"><strong>Dans la presse<\/strong><\/h2>\n\n\n\n<p>Une tr\u00e8s belle chronique sign\u00e9e St\u00e9phane Foug\u00e8re de Northern Rhapsody de l&rsquo;Eishan Ensemble paru chez ACEL en mai 2025 et du concert de ce m\u00eame groupe au Th\u00e9\u00e2tre Aleph le 2 octobre est \u00e0 lire <a href=\"https:\/\/rythmes-croises.org\/eishan-ensemble-northern-rhapsody\/\" target=\"_blank\" rel=\"noreferrer noopener\">ici<\/a>.<\/p>\n\n\n\n<div class=\"wp-block-buttons is-layout-flex wp-block-buttons-is-layout-flex\">\n<div class=\"wp-block-button\"><a class=\"wp-block-button__link wp-element-button\" href=\"https:\/\/bfan.link\/northern-rhapsody\" target=\"_blank\" rel=\"noreferrer noopener\">Commander Northern Rhapsody<\/a><\/div>\n<\/div>\n\n\n\n<p><\/p>\n\n\n\n<p><\/p>\n\n\n\n<figure class=\"wp-block-gallery has-nested-images columns-default is-cropped wp-block-gallery-1 is-layout-flex wp-block-gallery-is-layout-flex\"><\/figure>\n\n\n\n<p class=\"has-text-align-center\"><\/p>\n\n\n<div class=\"is-default-size aligncenter wp-block-site-logo\"><a href=\"https:\/\/acelproductions.com\/\" class=\"custom-logo-link\" rel=\"home\"><img loading=\"lazy\" decoding=\"async\" width=\"458\" height=\"324\" src=\"https:\/\/acelproductions.com\/wp-content\/uploads\/2023\/12\/ACEL_LOGO_POUR-TIMBRE.png\" class=\"custom-logo\" alt=\"acelproductions.com\" srcset=\"https:\/\/acelproductions.com\/wp-content\/uploads\/2023\/12\/ACEL_LOGO_POUR-TIMBRE.png 458w, https:\/\/acelproductions.com\/wp-content\/uploads\/2023\/12\/ACEL_LOGO_POUR-TIMBRE-300x212.png 300w\" sizes=\"auto, (max-width: 458px) 100vw, 458px\" \/><\/a><\/div>\n\n\n<p><\/p>\n\n\n\n<div class=\"wp-block-buttons is-layout-flex wp-block-buttons-is-layout-flex\"><\/div>\n\n\n\n<p><\/p>\n","protected":false},"excerpt":{"rendered":"<p>Une sortie discographique en juin pour ELIMA TRIO! Nous travaillons actuellement sur les visuels et la promotion et ensuite ce sera l&rsquo;entr\u00e9e en fabrication. Nous ne vous cachons pas que nous avons besoin de s\u00e9curiser financi\u00e8rement ces derni\u00e8res mais \u00f4 combien essentielles phases du projet, aussi avons nous lanc\u00e9 un financement participatif. N&rsquo;h\u00e9sitez pas \u00e0 [&hellip;]<\/p>\n","protected":false},"author":1,"featured_media":0,"parent":0,"menu_order":0,"comment_status":"closed","ping_status":"closed","template":"","meta":{"footnotes":""},"class_list":["post-168","page","type-page","status-publish","hentry"],"_links":{"self":[{"href":"https:\/\/acelproductions.com\/index.php\/wp-json\/wp\/v2\/pages\/168","targetHints":{"allow":["GET"]}}],"collection":[{"href":"https:\/\/acelproductions.com\/index.php\/wp-json\/wp\/v2\/pages"}],"about":[{"href":"https:\/\/acelproductions.com\/index.php\/wp-json\/wp\/v2\/types\/page"}],"author":[{"embeddable":true,"href":"https:\/\/acelproductions.com\/index.php\/wp-json\/wp\/v2\/users\/1"}],"replies":[{"embeddable":true,"href":"https:\/\/acelproductions.com\/index.php\/wp-json\/wp\/v2\/comments?post=168"}],"version-history":[{"count":167,"href":"https:\/\/acelproductions.com\/index.php\/wp-json\/wp\/v2\/pages\/168\/revisions"}],"predecessor-version":[{"id":1243,"href":"https:\/\/acelproductions.com\/index.php\/wp-json\/wp\/v2\/pages\/168\/revisions\/1243"}],"wp:attachment":[{"href":"https:\/\/acelproductions.com\/index.php\/wp-json\/wp\/v2\/media?parent=168"}],"curies":[{"name":"wp","href":"https:\/\/api.w.org\/{rel}","templated":true}]}}