{"id":149,"date":"2023-12-11T19:16:59","date_gmt":"2023-12-11T18:16:59","guid":{"rendered":"https:\/\/acelproductions.com\/?page_id=149"},"modified":"2024-11-13T16:44:45","modified_gmt":"2024-11-13T15:44:45","slug":"concert-de-yochko-seffer-du-8-decembre-2023-au-triton","status":"publish","type":"page","link":"https:\/\/acelproductions.com\/index.php\/concert-de-yochko-seffer-du-8-decembre-2023-au-triton\/","title":{"rendered":"Concert de Yochk&rsquo;o Seffer du 8 d\u00e9cembre 2023 au Triton"},"content":{"rendered":"\n<figure class=\"wp-block-image size-large\"><img loading=\"lazy\" decoding=\"async\" width=\"1024\" height=\"712\" src=\"https:\/\/acelproductions.com\/wp-content\/uploads\/2023\/12\/INVITATION_VERSO-1-1024x712.jpg\" alt=\"\" class=\"wp-image-150\" srcset=\"https:\/\/acelproductions.com\/wp-content\/uploads\/2023\/12\/INVITATION_VERSO-1-1024x712.jpg 1024w, https:\/\/acelproductions.com\/wp-content\/uploads\/2023\/12\/INVITATION_VERSO-1-300x209.jpg 300w, https:\/\/acelproductions.com\/wp-content\/uploads\/2023\/12\/INVITATION_VERSO-1-768x534.jpg 768w, https:\/\/acelproductions.com\/wp-content\/uploads\/2023\/12\/INVITATION_VERSO-1-1536x1069.jpg 1536w, https:\/\/acelproductions.com\/wp-content\/uploads\/2023\/12\/INVITATION_VERSO-1.jpg 1650w\" sizes=\"auto, (max-width: 1024px) 100vw, 1024px\" \/><\/figure>\n\n\n\n<p>SET-LIST concert de <a href=\"https:\/\/acelproductions.com\/YSeffer.html\">Yochk\u2019o Seffer<\/a> Neffesh Music du 8 d\u00e9cembre 2023 au Triton (<a href=\"https:\/\/www.youtube.com\/watch?v=xA793hVZsvs\" target=\"_blank\" rel=\"noreferrer noopener\">teaser vid\u00e9o<\/a>) avec <a href=\"https:\/\/acelproductions.com\/YSeffer.html\">Yochk&rsquo;o Seffer<\/a>, <a href=\"https:\/\/acelproductions.com\/Causse.html\">Fran\u00e7ois Causse<\/a>, Sandrine et Laurent Matheron, Guillaume Orti<\/p>\n\n\n\n<p>1\/ Bouquet de fleurs (6\u2019)<br>\uf06cElindultam<br>\uf06cAz Id\u00f6 Ereje<br>\uf06cKiss Kece Lanyom<br><em>Yochk\u2019o Solo<\/em><\/p>\n\n\n\n<p>2\/ 13-Souvenir (10\u2019)<br><em>Yochk\u2019o Piano<br>Guillaume Baryton<br>Fran\u00e7ois Percussions<\/em><\/p>\n\n\n\n<p>3\/ Intro + SK + Danses roumaines (4\u2019)<br><em>Yochk\u2019o Piano<br>Fran\u00e7ois Percussions<\/em><\/p>\n\n\n\n<p>4\/ Mefisto-tanc (12\u2019)<br><em>Yochk\u2019o Piano tarogato<br>Sandrine Piano<br>Laurent Saxophone<\/em><\/p>\n\n\n\n<p>5\/ Consolatio (13\u2019)<br><em>Yochk\u2019o Tarogato<br>Laure violoncelle<\/em><\/p>\n\n\n\n<ul class=\"wp-block-list\">\n<li>bande<\/li>\n<\/ul>\n\n\n\n<p>6\/ Neffesh Music (26\u2019)<br>\uf06cSifra<br>\uf06cAlpha-Gamma<br>\uf06cC\u00e8l<br><em>Yochk\u2019o Tarogato piano<br>Sandrine piano<br>Laure violoncelle<br>Guillaume Baryton<br>Laurent Saxophone<br>Fran\u00e7ois Percussions<\/em><\/p>\n","protected":false},"excerpt":{"rendered":"<p>SET-LIST concert de Yochk\u2019o Seffer Neffesh Music du 8 d\u00e9cembre 2023 au Triton (teaser vid\u00e9o) avec Yochk&rsquo;o Seffer, Fran\u00e7ois Causse, Sandrine et Laurent Matheron, Guillaume Orti 1\/ Bouquet de fleurs (6\u2019)\uf06cElindultam\uf06cAz Id\u00f6 Ereje\uf06cKiss Kece LanyomYochk\u2019o Solo 2\/ 13-Souvenir (10\u2019)Yochk\u2019o PianoGuillaume BarytonFran\u00e7ois Percussions 3\/ Intro + SK + Danses roumaines (4\u2019)Yochk\u2019o PianoFran\u00e7ois Percussions 4\/ Mefisto-tanc (12\u2019)Yochk\u2019o [&hellip;]<\/p>\n","protected":false},"author":1,"featured_media":0,"parent":0,"menu_order":0,"comment_status":"closed","ping_status":"closed","template":"","meta":{"footnotes":""},"class_list":["post-149","page","type-page","status-publish","hentry"],"_links":{"self":[{"href":"https:\/\/acelproductions.com\/index.php\/wp-json\/wp\/v2\/pages\/149","targetHints":{"allow":["GET"]}}],"collection":[{"href":"https:\/\/acelproductions.com\/index.php\/wp-json\/wp\/v2\/pages"}],"about":[{"href":"https:\/\/acelproductions.com\/index.php\/wp-json\/wp\/v2\/types\/page"}],"author":[{"embeddable":true,"href":"https:\/\/acelproductions.com\/index.php\/wp-json\/wp\/v2\/users\/1"}],"replies":[{"embeddable":true,"href":"https:\/\/acelproductions.com\/index.php\/wp-json\/wp\/v2\/comments?post=149"}],"version-history":[{"count":4,"href":"https:\/\/acelproductions.com\/index.php\/wp-json\/wp\/v2\/pages\/149\/revisions"}],"predecessor-version":[{"id":599,"href":"https:\/\/acelproductions.com\/index.php\/wp-json\/wp\/v2\/pages\/149\/revisions\/599"}],"wp:attachment":[{"href":"https:\/\/acelproductions.com\/index.php\/wp-json\/wp\/v2\/media?parent=149"}],"curies":[{"name":"wp","href":"https:\/\/api.w.org\/{rel}","templated":true}]}}